{"id":207134,"date":"2019-04-03T13:41:20","date_gmt":"2019-04-03T13:41:20","guid":{"rendered":"https:\/\/www.castroderei.gal\/contratos-menores\/"},"modified":"2021-07-05T10:19:23","modified_gmt":"2021-07-05T10:19:23","slug":"contratos-menores","status":"publish","type":"page","link":"https:\/\/www.castroderei.gal\/es\/contratos-menores\/","title":{"rendered":"contratos menores"},"content":{"rendered":"<p>[et_pb_section fb_built=\u00bb1&#8243; fullwidth=\u00bbon\u00bb _builder_version=\u00bb3.22&#8243; background_color=\u00bbrgba(193,193,193,0)\u00bb background_image=\u00bbhttps:\/\/www.castroderei.gal\/wp-content\/uploads\/2017\/06\/Captura.jpg\u00bb custom_padding=\u00bb0px|0px|0px|0px\u00bb][et_pb_fullwidth_slider _builder_version=\u00bb3.19.17&#8243; parallax=\u00bbon\u00bb custom_padding=\u00bb|||\u00bb custom_padding_tablet=\u00bb|||\u00bb custom_padding_phone=\u00bb|||\u00bb box_shadow_style=\u00bbpreset6&#8243; box_shadow_blur=\u00bb10px\u00bb box_shadow_color=\u00bbrgba(0,0,0,0.1)\u00bb show_inner_shadow=\u00bbon\u00bb button_text_size__hover_enabled=\u00bboff\u00bb button_one_text_size__hover_enabled=\u00bboff\u00bb button_two_text_size__hover_enabled=\u00bboff\u00bb button_text_color__hover_enabled=\u00bboff\u00bb button_one_text_color__hover_enabled=\u00bboff\u00bb button_two_text_color__hover_enabled=\u00bboff\u00bb button_border_width__hover_enabled=\u00bboff\u00bb button_one_border_width__hover_enabled=\u00bboff\u00bb button_two_border_width__hover_enabled=\u00bboff\u00bb button_border_color__hover_enabled=\u00bboff\u00bb button_one_border_color__hover_enabled=\u00bboff\u00bb button_two_border_color__hover_enabled=\u00bboff\u00bb button_border_radius__hover_enabled=\u00bboff\u00bb button_one_border_radius__hover_enabled=\u00bboff\u00bb button_two_border_radius__hover_enabled=\u00bboff\u00bb button_letter_spacing__hover_enabled=\u00bboff\u00bb button_one_letter_spacing__hover_enabled=\u00bboff\u00bb button_two_letter_spacing__hover_enabled=\u00bboff\u00bb button_bg_color__hover_enabled=\u00bboff\u00bb button_one_bg_color__hover_enabled=\u00bboff\u00bb button_two_bg_color__hover_enabled=\u00bboff\u00bb][et_pb_slide heading=\u00bbCONTRATOS MENORES\u00bb image=\u00bbhttps:\/\/www.castroderei.gal\/wp-content\/uploads\/2017\/06\/serviciosdemo.jpg\u00bb use_bg_overlay=\u00bboff\u00bb use_text_overlay=\u00bboff\u00bb _builder_version=\u00bb3.19.17&#8243; header_font=\u00bb||||\u00bb body_font=\u00bb||||\u00bb background_color=\u00bb#0c71c3&#8243; button_icon_placement=\u00bbright\u00bb button_on_hover=\u00bbon\u00bb button_text_size__hover_enabled=\u00bboff\u00bb button_one_text_size__hover_enabled=\u00bboff\u00bb button_two_text_size__hover_enabled=\u00bboff\u00bb button_text_color__hover_enabled=\u00bboff\u00bb button_one_text_color__hover_enabled=\u00bboff\u00bb button_two_text_color__hover_enabled=\u00bboff\u00bb button_border_width__hover_enabled=\u00bboff\u00bb button_one_border_width__hover_enabled=\u00bboff\u00bb button_two_border_width__hover_enabled=\u00bboff\u00bb button_border_color__hover_enabled=\u00bboff\u00bb button_one_border_color__hover_enabled=\u00bboff\u00bb button_two_border_color__hover_enabled=\u00bboff\u00bb button_border_radius__hover_enabled=\u00bboff\u00bb button_one_border_radius__hover_enabled=\u00bboff\u00bb button_two_border_radius__hover_enabled=\u00bboff\u00bb button_letter_spacing__hover_enabled=\u00bboff\u00bb button_one_letter_spacing__hover_enabled=\u00bboff\u00bb button_two_letter_spacing__hover_enabled=\u00bboff\u00bb button_bg_color__hover_enabled=\u00bboff\u00bb button_one_bg_color__hover_enabled=\u00bboff\u00bb button_two_bg_color__hover_enabled=\u00bboff\u00bb sticky_transition=\u00bbon\u00bb]<\/p>\n<p>LISTADO DE CONTRATOS MENORES DO CONCELLO DE CASTRO DE REI<\/p>\n<p>[\/et_pb_slide][\/et_pb_fullwidth_slider][\/et_pb_section][et_pb_section fb_built=\u00bb1&#8243; _builder_version=\u00bb3.22&#8243;][et_pb_row _builder_version=\u00bb3.25&#8243;][et_pb_column type=\u00bb4_4&#8243; _builder_version=\u00bb3.25&#8243; custom_padding=\u00bb|||\u00bb custom_padding__hover=\u00bb|||\u00bb][et_pb_text _builder_version=\u00bb4.9.7&#8243;]<\/p>\n<h2>CONTRATOS MENORES 2019:<\/h2>\n<p>[\/et_pb_text][\/et_pb_column][\/et_pb_row][et_pb_row _builder_version=\u00bb3.25&#8243;][et_pb_column type=\u00bb4_4&#8243; _builder_version=\u00bb3.25&#8243; custom_padding=\u00bb|||\u00bb custom_padding__hover=\u00bb|||\u00bb][et_pb_text _builder_version=\u00bb3.27.4&#8243;]<\/p>\n<p>ADXUDICACI\u00d3N DO CONTRATO MENOR DE SERVICIO DE REDACCI\u00d3N DO PROXECTO DAS OBRAS INCLUIDO NO PLAN PROVINCIAL \u00daNICO DE COOPERACI\u00d3N COS CONCELLOS 2019.<\/p>\n<p><a href=\"https:\/\/www.castroderei.gal\/wp-content\/uploads\/2019\/04\/20190329_Resoluci\u00f3n_DECRETO-2019-0143-DECRETO-ADXUDICACI\u00d3N-CTO-MENOR-SERVICIO-REDACCI\u00d3N-PROXECTO-PUCCC19.pdf\" rel=\"attachment wp-att-207126\">20190329_Resoluci\u00f3n_DECRETO 2019-0143 [DECRETO ADXUDICACI\u00d3N CTO MENOR SERVICIO REDACCI\u00d3N PROXECTO PUCCC19]<\/a><\/p>\n<p>&nbsp;<\/p>\n<p>[\/et_pb_text][et_pb_text _builder_version=\u00bb4.9.7&#8243; hover_enabled=\u00bb0&#8243; sticky_enabled=\u00bb0&#8243;]<\/p>\n<h1><strong>RELACI\u00d3N CONTRATOS MENORES SEGUNDO TRIMESTRE 2021:<\/strong><\/h1>\n<p>[\/et_pb_text][et_pb_text _builder_version=\u00bb4.9.7&#8243; _module_preset=\u00bbdefault\u00bb hover_enabled=\u00bb0&#8243; sticky_enabled=\u00bb0&#8243;]<\/p>\n<h3 style=\"text-align: center;\"><a href=\"https:\/\/www.castroderei.gal\/wp-content\/uploads\/2021\/07\/Relacion-Contratos-Menores-2o-Trim-2021.pdf\" target=\"_blank\" rel=\"noopener\">Descarga de documento<\/a><\/h3>\n<p>[\/et_pb_text][et_pb_image src=\u00bbhttps:\/\/www.castroderei.gal\/wp-content\/uploads\/2017\/07\/image_preview.png\u00bb _builder_version=\u00bb4.9.7&#8243; _module_preset=\u00bbdefault\u00bb title_text=\u00bbimage_preview\u00bb max_height=\u00bb105px\u00bb align=\u00bbcenter\u00bb hover_enabled=\u00bb0&#8243; sticky_enabled=\u00bb0&#8243; url=\u00bbhttps:\/\/www.castroderei.gal\/wp-content\/uploads\/2021\/07\/Relacion-Contratos-Menores-2o-Trim-2021.pdf\u00bb url_new_window=\u00bbon\u00bb][\/et_pb_image][et_pb_text _builder_version=\u00bb4.9.7&#8243; _module_preset=\u00bbdefault\u00bb hover_enabled=\u00bb0&#8243; sticky_enabled=\u00bb0&#8243;]<\/p>\n<h1><strong>RELACI\u00d3N DE CONTRATOS MENORES DEL PRIMER TRIMESTRE 2021:<\/strong><\/h1>\n<p>[\/et_pb_text][et_pb_image src=\u00bbhttps:\/\/www.castroderei.gal\/wp-content\/uploads\/2021\/06\/1.jpg\u00bb title_text=\u00bb1&#8243; align=\u00bbcenter\u00bb _builder_version=\u00bb4.9.7&#8243; _module_preset=\u00bbdefault\u00bb][\/et_pb_image][\/et_pb_column][\/et_pb_row][\/et_pb_section][et_pb_section fb_built=\u00bb1&#8243; _builder_version=\u00bb3.22&#8243;][et_pb_row use_custom_gutter=\u00bbon\u00bb gutter_width=\u00bb1&#8243; module_class=\u00bb et_pb_row_fullwidth\u00bb _builder_version=\u00bb3.25&#8243; parallax=\u00bbon\u00bb width=\u00bb100%\u00bb width_tablet=\u00bb100%\u00bb width_phone=\u00bb\u00bb width_last_edited=\u00bbon|desktop\u00bb max_width=\u00bb100%\u00bb max_width_tablet=\u00bb100%\u00bb max_width_phone=\u00bb\u00bb max_width_last_edited=\u00bbon|desktop\u00bb make_fullwidth=\u00bbon\u00bb][et_pb_column type=\u00bb4_4&#8243; _builder_version=\u00bb3.25&#8243; custom_padding=\u00bb|||\u00bb custom_padding__hover=\u00bb|||\u00bb][et_pb_text _builder_version=\u00bb4.9.7&#8243; hover_enabled=\u00bb0&#8243; sticky_enabled=\u00bb0&#8243;]<\/p>\n<h2>CONTRATOS MENORES SEGUNDO TRIMESTRE 2021:<\/h2>\n<p>[\/et_pb_text][et_pb_post_slider posts_number=\u00bb10&#8243; include_categories=\u00bb25&#8243; more_text=\u00bbLer m\u00e1is\u00bb image_placement=\u00bbtop\u00bb use_text_overlay=\u00bboff\u00bb _builder_version=\u00bb3.16&#8243; background_color=\u00bb#0c71c3&#8243; custom_padding=\u00bb|||\u00bb box_shadow_style=\u00bbpreset6&#8243; box_shadow_blur=\u00bb10px\u00bb box_shadow_color=\u00bbrgba(0,0,0,0.1)\u00bb button_text_size__hover_enabled=\u00bboff\u00bb button_one_text_size__hover_enabled=\u00bboff\u00bb button_two_text_size__hover_enabled=\u00bboff\u00bb button_text_color__hover_enabled=\u00bboff\u00bb button_one_text_color__hover_enabled=\u00bboff\u00bb button_two_text_color__hover_enabled=\u00bboff\u00bb button_border_width__hover_enabled=\u00bboff\u00bb button_one_border_width__hover_enabled=\u00bboff\u00bb button_two_border_width__hover_enabled=\u00bboff\u00bb button_border_color__hover_enabled=\u00bboff\u00bb button_one_border_color__hover_enabled=\u00bboff\u00bb button_two_border_color__hover_enabled=\u00bboff\u00bb button_border_radius__hover_enabled=\u00bboff\u00bb button_one_border_radius__hover_enabled=\u00bboff\u00bb button_two_border_radius__hover_enabled=\u00bboff\u00bb button_letter_spacing__hover_enabled=\u00bboff\u00bb button_one_letter_spacing__hover_enabled=\u00bboff\u00bb button_two_letter_spacing__hover_enabled=\u00bboff\u00bb button_bg_color__hover_enabled=\u00bboff\u00bb button_one_bg_color__hover_enabled=\u00bboff\u00bb button_two_bg_color__hover_enabled=\u00bboff\u00bb][\/et_pb_post_slider][et_pb_post_nav in_same_term=\u00bboff\u00bb _builder_version=\u00bb3.0.85&#8243;][\/et_pb_post_nav][\/et_pb_column][\/et_pb_row][\/et_pb_section][et_pb_section fb_built=\u00bb1&#8243; admin_label=\u00bbsection\u00bb _builder_version=\u00bb3.22&#8243; background_color=\u00bb#0c71c3&#8243;][et_pb_row admin_label=\u00bbrow\u00bb _builder_version=\u00bb3.25&#8243; background_size=\u00bbinitial\u00bb background_position=\u00bbtop_left\u00bb background_repeat=\u00bbrepeat\u00bb][et_pb_column type=\u00bb4_4&#8243; _builder_version=\u00bb3.25&#8243; custom_padding=\u00bb|||\u00bb custom_padding__hover=\u00bb|||\u00bb][et_pb_cta title=\u00bbSISTEMA DE XEOLOCALIZACION DE RECURSOS\u00bb button_url=\u00bbhttps:\/\/www.castroderei.gal\/gis\u00bb button_text=\u00bbACCEDER\u00bb _builder_version=\u00bb3.16&#8243; use_background_color=\u00bboff\u00bb background_size=\u00bbinitial\u00bb background_position=\u00bbtop_left\u00bb background_repeat=\u00bbrepeat\u00bb button_text_size__hover_enabled=\u00bboff\u00bb button_one_text_size__hover_enabled=\u00bboff\u00bb button_two_text_size__hover_enabled=\u00bboff\u00bb button_text_color__hover_enabled=\u00bboff\u00bb button_one_text_color__hover_enabled=\u00bboff\u00bb button_two_text_color__hover_enabled=\u00bboff\u00bb button_border_width__hover_enabled=\u00bboff\u00bb button_one_border_width__hover_enabled=\u00bboff\u00bb button_two_border_width__hover_enabled=\u00bboff\u00bb button_border_color__hover_enabled=\u00bboff\u00bb button_one_border_color__hover_enabled=\u00bboff\u00bb button_two_border_color__hover_enabled=\u00bboff\u00bb button_border_radius__hover_enabled=\u00bboff\u00bb button_one_border_radius__hover_enabled=\u00bboff\u00bb button_two_border_radius__hover_enabled=\u00bboff\u00bb button_letter_spacing__hover_enabled=\u00bboff\u00bb button_one_letter_spacing__hover_enabled=\u00bboff\u00bb button_two_letter_spacing__hover_enabled=\u00bboff\u00bb button_bg_color__hover_enabled=\u00bboff\u00bb button_one_bg_color__hover_enabled=\u00bboff\u00bb button_two_bg_color__hover_enabled=\u00bboff\u00bb] ACCEDE Aos PUNTOS DE INTERESE DO CONCELLO [\/et_pb_cta][\/et_pb_column][\/et_pb_row][\/et_pb_section]<\/p>\n","protected":false},"excerpt":{"rendered":"<p>LISTADO DE CONTRATOS MENORES DO CONCELLO DE CASTRO DE REICONTRATOS MENORES 2019:ADXUDICACI\u00d3N DO CONTRATO MENOR DE SERVICIO DE REDACCI\u00d3N DO PROXECTO DAS OBRAS INCLUIDO NO PLAN PROVINCIAL \u00daNICO DE COOPERACI\u00d3N COS CONCELLOS 2019. 20190329_Resoluci\u00f3n_DECRETO 2019-0143 [DECRETO ADXUDICACI\u00d3N CTO MENOR SERVICIO REDACCI\u00d3N PROXECTO PUCCC19] &nbsp;RELACI\u00d3N CONTRATOS MENORES SEGUNDO TRIMESTRE 2021:Descarga de documentoRELACI\u00d3N DE CONTRATOS MENORES DEL [&hellip;]<\/p>\n","protected":false},"author":1,"featured_media":0,"parent":0,"menu_order":0,"comment_status":"closed","ping_status":"closed","template":"","meta":{"_et_pb_use_builder":"on","_et_pb_old_content":"","_et_gb_content_width":"","footnotes":""},"class_list":["post-207134","page","type-page","status-publish","hentry"],"_links":{"self":[{"href":"https:\/\/www.castroderei.gal\/es\/wp-json\/wp\/v2\/pages\/207134\/"}],"collection":[{"href":"https:\/\/www.castroderei.gal\/es\/wp-json\/wp\/v2\/pages\/"}],"about":[{"href":"https:\/\/www.castroderei.gal\/es\/wp-json\/wp\/v2\/types\/page\/"}],"author":[{"embeddable":true,"href":"https:\/\/www.castroderei.gal\/es\/wp-json\/wp\/v2\/users\/1\/"}],"replies":[{"embeddable":true,"href":"https:\/\/www.castroderei.gal\/es\/wp-json\/wp\/v2\/comments\/?post=207134"}],"version-history":[{"count":4,"href":"https:\/\/www.castroderei.gal\/es\/wp-json\/wp\/v2\/pages\/207134\/revisions\/"}],"predecessor-version":[{"id":207961,"href":"https:\/\/www.castroderei.gal\/es\/wp-json\/wp\/v2\/pages\/207134\/revisions\/207961\/"}],"wp:attachment":[{"href":"https:\/\/www.castroderei.gal\/es\/wp-json\/wp\/v2\/media\/?parent=207134"}],"curies":[{"name":"wp","href":"https:\/\/api.w.org\/{rel}","templated":true}]}}