{"id":205873,"date":"2017-07-17T09:28:01","date_gmt":"2017-07-17T09:28:01","guid":{"rendered":"https:\/\/www.castroderei.gal\/?page_id=205873\/"},"modified":"2017-07-17T09:30:56","modified_gmt":"2017-07-17T09:30:56","slug":"aviso-legal","status":"publish","type":"page","link":"https:\/\/www.castroderei.gal\/es\/aviso-legal\/","title":{"rendered":"Aviso legal"},"content":{"rendered":"<p>[et_pb_section bb_built=\u00bb1&#8243;][et_pb_row][et_pb_column type=\u00bb4_4&#8243;][et_pb_text _builder_version=\u00bb3.0.62&#8243; background_layout=\u00bblight\u00bb text_orientation=\u00bbjustified\u00bb text_font=\u00bbTimes New Roman||||\u00bb border_style=\u00bbsolid\u00bb]<\/p>\n<h2>Aviso legal<\/h2>\n<p>Ayuntamiento de Castro de Rei &#8211; Plaza Mayor n\u00ba 1 27250 Castro de Rei, Lugo.<\/p>\n<p>&nbsp;<\/p>\n<h3>Sobre la Propiedad Legal y el Copyright<\/h3>\n<p>El propietario de esta web y su contenido es el <strong>Ayuntamiento de Castro de Rei<\/strong> Queda prohibida la transmisi\u00f3n, cesi\u00f3n, venta, alquiler y\/o exposici\u00f3n p\u00fablica de esta web sin la correspondiente autorizaci\u00f3n de sus due\u00f1os. La informaci\u00f3n y consejos presentados en esta web son de car\u00e1cter orientativos quedando <strong>Ayuntamiento de Castro de Rei<\/strong> exenta de cualquier responsabilidad derivada de la falta de exactitud o efectividad en dicha informaci\u00f3n o consejos.<\/p>\n<p>&nbsp;<\/p>\n<p><strong>El Ayuntamiento de Castro de Rei<\/strong> se reserva el derecho de modificar el contenido de la web sin previo aviso y sin ning\u00fan tipo de limitaci\u00f3n. La informaci\u00f3n remitida a esta web o introducida a trav\u00e9s de sus formularios deber\u00e1 ser veraz y no vulnerar\u00e1 el derecho a terceros ni la legalidad vigente.<\/p>\n<p><strong>El Ayuntamiento de Castro de Rei<\/strong> declina cualquier responsabilidad contractual o extracontractual con la persona o empresa que tuviera perjuicios de cualquier naturaleza ocasionados por virus inform\u00e1ticos o por elementos inform\u00e1ticos de cualquier \u00edndole al no poder garantizar al 100% la ausencia de virus ni de otros elementos en la web.<\/p>\n<p>&nbsp;<\/p>\n<h3>Condiciones de Utilizaci\u00f3n de la Web<\/h3>\n<p><strong>El Ayuntamiento de Castro de Rei<\/strong> ofrece en su web informaci\u00f3n relacionada con el tipo de actividad, productos y servicios que realiza, previa suscripci\u00f3n y en los t\u00e9rminos y condiciones que sean pactados.<\/p>\n<p><strong>El Ayuntamiento de Castro de Rei<\/strong> se reserva el derecho a actualizar, modificar o eliminar la informaci\u00f3n contenida en <a href=\"https:\/\/www.castroderei.gal\/\">www.castroderei.gal<\/a>\u00a0u otras web de su propiedad pudiendo limitar o no permitir el acceso a dicha informaci\u00f3n. Especialmente, el\u00a0<strong>Ayuntamiento de Castro de Rei<\/strong>\u00a0se reserva el derecho a eliminar, limitar o impedir el acceso a su web cuando surjan dificultades t\u00e9cnicas por hechos o circunstancias ajenas al<strong>\u00a0Ayuntamiento de Castro de Rei<\/strong> que, a su criterio, disminuyan o anulen los niveles de seguridad adoptados para el adecuado funcionamiento de la web.<\/p>\n<p>&nbsp;<\/p>\n<h3>Pol\u00edtica de Protecci\u00f3n de Datos Personales<\/h3>\n<p>Algunos servicios prestados en la web pueden contener condiciones particulares con previsiones espec\u00edficas en materia de protecci\u00f3n de Datos Personales.<\/p>\n<p>Los datos personales recogidos ser\u00e1n objeto de tratamiento automatizado e incorporados a los correspondientes ficheros automatizados.<\/p>\n<p>El usuario garantiza que los datos personales facilitados al<strong>\u00a0Ayuntamiento de Castro de Rei<\/strong> son veraces y se hace responsable de comunicar cualquier modificaci\u00f3n en los mismos.<\/p>\n<p>&nbsp;<\/p>\n<p><strong>El Ayuntamiento de Castro de Rei<\/strong>, como responsable del fichero automatizado, garantiza el pleno cumplimiento de la normativa de Protecci\u00f3n de Datos de Car\u00e1cter Personal, y as\u00ed, de acuerdo con la L.O. 15\/1999, los apoderados, intervinientes, autorizados y, en su caso, avalistas de la entidad jur\u00eddica firmante quedan informados y prestan su consentimiento a la incorporaci\u00f3n de sus datos a los ficheros automatizados existentes.<\/p>\n<p>La recogida y tratamiento automatizado de los datos personales tiene como finalidad el mantenimiento de la relaci\u00f3n contractual con el<strong>\u00a0Ayuntamiento de Castro de Rei<\/strong>, la gesti\u00f3n, administraci\u00f3n, prestaci\u00f3n, ampliaci\u00f3n y mejora de los servicios en los que el usuario decida darse de alta, as\u00ed como el env\u00edo por medios tradicionales y electr\u00f3nicos, de informaci\u00f3n t\u00e9cnica, operativa y comercial acerca de productos y servicios ofrecidos por el<strong>\u00a0Ayuntamiento de Castro de Rei<\/strong>.<\/p>\n<p>&nbsp;<\/p>\n<p>Puede ejercer sus derechos enviando un mail a <strong>info@castroderei.gal<\/strong><\/p>\n<p>&nbsp;<\/p>\n<p><strong>El Ayuntamiento de Castro de Rei<\/strong> ha adoptado los niveles de seguridad de protecci\u00f3n de los datos personales legalmente requeridos, y procura instalar aquellos otros medios y medidas t\u00e9cnicas adicionales a su alcance para evitar la p\u00e9rdida, mal uso, alteraci\u00f3n, acceso no autorizado y robo de los datos personales facilitados al\u00a0<strong>Ayuntamiento de Castro de Rei<\/strong>. No obstante, el usuario debe ser consciente de que las medidas de seguridad en Internet no son inexpugnables.<\/p>\n<p>&nbsp;<\/p>\n<p>Los usuarios tienen derechos reconocidos y podr\u00e1n ejercitar los derechos de acceso, cancelaci\u00f3n, rectificaci\u00f3n y oposici\u00f3n, as\u00ed como a ser informados de las cesiones realizadas contactando con el<strong>\u00a0Ayuntamiento de Castro de Rei<\/strong>.<\/p>\n<p>&nbsp;<\/p>\n<p><strong>El Ayuntamiento de Castro de Rei<\/strong> puede utilizar cookies cuando un usuario navega por la web, asoci\u00e1ndose \u00fanicamente con el navegador de un ordenador determinado (un usuario an\u00f3nimo), y no proporcionan por s\u00ed el nombre y apellidos del usuario. Gracias a las cookies, resulta posible que el\u00a0<strong>Ayuntamiento de Castro de Rei<\/strong> reconozca los navegadores de los usuarios registrados despu\u00e9s de que \u00e9stos se hayan registrado por primera vez, sin que tengan que registrarse en cada visita para acceder a las \u00e1reas y servicios reservados exclusivamente a ellos. Las cookies utilizadas no pueden leer los archivos cookie creados por otros proveedores. El usuario tiene la posibilidad de configurar su navegador para ser avisado en pantalla de la recepci\u00f3n de cookies y para impedir la instalaci\u00f3n de cookies en su disco duro.<\/p>\n<p>&nbsp;<\/p>\n<h3>Anal\u00edtica Web<\/h3>\n<p>Esta p\u00e1gina web utiliza Google Analytics, un servicio anal\u00edtico de web prestado por Google, Inc., una compa\u00f1\u00eda de Delaware cuya oficina principal est\u00e1 en 1600 Amphitheatre Parkway, Mountain View (California), CA 94043, Estados Unidos (\u00abGoogle\u00bb).<\/p>\n<p>Google Analytics utiliza \u00abcookies\u00bb, que son archivos de texto ubicados en su ordenador, para ayudar al website a analizar el uso que hacen los usuarios del sitio web. La informaci\u00f3n que genera la cookie acerca de su uso del website (incluyendo su direcci\u00f3n IP) ser\u00e1 directamente transmitida y archivada por Google en los servidores de Estados Unidos. Google usar\u00e1 esta informaci\u00f3n por cuenta nuestra con el prop\u00f3sito de seguir la pista de su uso del website, recopilando informes de la actividad del website y prestando otros servicios relacionados con la actividad del website y el uso de Internet.<\/p>\n<p>Google podr\u00e1 transmitir dicha informaci\u00f3n a terceros cuando as\u00ed se lo requiera la legislaci\u00f3n, o cuando dichos terceros procesen la informaci\u00f3n por cuenta de Google. Google no asociar\u00e1 su direcci\u00f3n IP con ning\u00fan otro dato del que disponga Google.<\/p>\n<p>Puede Usted rechazar el tratamiento de los datos o la informaci\u00f3n rechazando el uso de cookies mediante la selecci\u00f3n de la configuraci\u00f3n apropiada de su navegador, sin embargo, debe Usted saber que si lo hace puede ser que no pueda usar la plena funcionabilidad de este website.<\/p>\n<p>Al utilizar este website Usted consiente el tratamiento de informaci\u00f3n acerca de Usted por Google en la forma y para los fines arriba indicados.<\/p>\n<p>[\/et_pb_text][\/et_pb_column][\/et_pb_row][\/et_pb_section][et_pb_section bb_built=\u00bb1&#8243; admin_label=\u00bbSection\u00bb background_color=\u00bb#001443&#8243; padding_mobile=\u00bboff\u00bb specialty=\u00bbon\u00bb parallax_method_1=\u00bboff\u00bb parallax_method_2=\u00bboff\u00bb background_position_1=\u00bbtop_left\u00bb background_position_2=\u00bbtop_left\u00bb background_repeat_1=\u00bbno-repeat\u00bb background_repeat_2=\u00bbno-repeat\u00bb _builder_version=\u00bb3.0.51&#8243; collapsed=\u00bboff\u00bb global_module=\u00bb204329&#8243;][et_pb_column type=\u00bb1_3&#8243;][et_pb_image global_parent=\u00bb204329&#8243; _builder_version=\u00bb3.0.62&#8243; src=\u00bbhttps:\/\/www.castroderei.gal\/wp-content\/uploads\/2017\/06\/logo-gis-castro.png\u00bb show_in_lightbox=\u00bboff\u00bb url_new_window=\u00bboff\u00bb use_overlay=\u00bboff\u00bb sticky=\u00bboff\u00bb align=\u00bbleft\u00bb always_center_on_mobile=\u00bbon\u00bb border_style=\u00bbsolid\u00bb force_fullwidth=\u00bboff\u00bb \/][\/et_pb_column][et_pb_column type=\u00bb2_3&#8243; specialty_columns=\u00bb2&#8243;][et_pb_row_inner admin_label=\u00bbRow\u00bb global_parent=\u00bb204329&#8243; custom_padding=\u00bb||0px|\u00bb custom_padding_tablet=\u00bb||10px|\u00bb padding_mobile=\u00bbon\u00bb column_padding_mobile=\u00bbon\u00bb parallax_method_1=\u00bboff\u00bb custom_padding_last_edited=\u00bbon|desktop\u00bb _builder_version=\u00bb3.0.47&#8243;][et_pb_column_inner type=\u00bb4_4&#8243; saved_specialty_column_type=\u00bb2_3&#8243;][et_pb_text admin_label=\u00bbText\u00bb global_parent=\u00bb204329&#8243; background_layout=\u00bbdark\u00bb _builder_version=\u00bb3.0.50&#8243; text_font=\u00bbMontserrat|on||on|\u00bb text_font_size=\u00bb20&#8243; text_text_color=\u00bb#ffffff\u00bb text_letter_spacing=\u00bb2px\u00bb background_size=\u00bbinitial\u00bb background_position=\u00bbtop_left\u00bb background_repeat=\u00bbrepeat\u00bb]<\/p>\n<p>Ayuntamiento de Castro de Rei<\/p>\n<p>[\/et_pb_text][\/et_pb_column_inner][\/et_pb_row_inner][et_pb_row_inner admin_label=\u00bbRow\u00bb global_parent=\u00bb204329&#8243; padding_mobile=\u00bboff\u00bb column_padding_mobile=\u00bbon\u00bb parallax_method_1=\u00bboff\u00bb parallax_method_2=\u00bboff\u00bb _builder_version=\u00bb3.0.47&#8243;][et_pb_column_inner type=\u00bb1_2&#8243; saved_specialty_column_type=\u00bb2_3&#8243;][et_pb_blurb admin_label=\u00bbBlurb\u00bb global_parent=\u00bb204329&#8243; url=\u00bb#\u00bb use_icon=\u00bbon\u00bb font_icon=\u00bb%%122%%\u00bb icon_color=\u00bb#ffffff\u00bb icon_placement=\u00bbleft\u00bb background_layout=\u00bbdark\u00bb use_icon_font_size=\u00bbon\u00bb icon_font_size=\u00bb18&#8243; _builder_version=\u00bb3.0.50&#8243; header_font=\u00bbMontserrat||||\u00bb body_font=\u00bbMontserrat||||\u00bb body_font_size=\u00bb16&#8243; body_text_color=\u00bb#ffffff\u00bb body_line_height=\u00bb1.5em\u00bb background_size=\u00bbinitial\u00bb background_position=\u00bbtop_left\u00bb background_repeat=\u00bbrepeat\u00bb]<\/p>\n<p>Plaza Mayor N\u00b01<\/p>\n<p>27250 Castro de Rei &#8211;\u00a0Lugo (Galicia)<\/p>\n<p>[\/et_pb_blurb][\/et_pb_column_inner][et_pb_column_inner type=\u00bb1_2&#8243; saved_specialty_column_type=\u00bb2_3&#8243;][et_pb_blurb admin_label=\u00bbBlurb\u00bb global_parent=\u00bb204329&#8243; url=\u00bb#\u00bb use_icon=\u00bbon\u00bb font_icon=\u00bb%%109%%\u00bb icon_color=\u00bb#ffffff\u00bb icon_placement=\u00bbleft\u00bb background_layout=\u00bbdark\u00bb use_icon_font_size=\u00bbon\u00bb icon_font_size=\u00bb20&#8243; _builder_version=\u00bb3.0.50&#8243; header_font=\u00bbMontserrat||||\u00bb body_font=\u00bbMontserrat||||\u00bb body_font_size=\u00bb16&#8243; body_text_color=\u00bb#ffffff\u00bb body_line_height=\u00bb1.5em\u00bb background_size=\u00bbinitial\u00bb background_position=\u00bbtop_left\u00bb background_repeat=\u00bbrepeat\u00bb custom_margin=\u00bb||0px|\u00bb custom_padding=\u00bb||15px|\u00bb]<\/p>\n<p>info@castroderei.gal<\/p>\n<p>[\/et_pb_blurb][et_pb_blurb admin_label=\u00bbBlurb\u00bb global_parent=\u00bb204329&#8243; url=\u00bb#\u00bb use_icon=\u00bbon\u00bb font_icon=\u00bb%%104%%\u00bb icon_color=\u00bb#ffffff\u00bb icon_placement=\u00bbleft\u00bb background_layout=\u00bbdark\u00bb use_icon_font_size=\u00bbon\u00bb icon_font_size=\u00bb20&#8243; _builder_version=\u00bb3.0.50&#8243; body_font=\u00bbOpen Sans||||\u00bb body_font_size=\u00bb16&#8243; body_text_color=\u00bb#ffffff\u00bb body_line_height=\u00bb1.5em\u00bb background_size=\u00bbinitial\u00bb background_position=\u00bbtop_left\u00bb background_repeat=\u00bbrepeat\u00bb]<\/p>\n<p>982 314 034<\/p>\n<p>[\/et_pb_blurb][\/et_pb_column_inner][\/et_pb_row_inner][\/et_pb_column][\/et_pb_section][et_pb_section bb_built=\u00bb1&#8243; fullwidth=\u00bbon\u00bb specialty=\u00bboff\u00bb _builder_version=\u00bb3.0.51&#8243; global_module=\u00bb204534&#8243;][et_pb_fullwidth_image global_parent=\u00bb204534&#8243; _builder_version=\u00bb3.0.51&#8243; src=\u00bbhttps:\/\/www.castroderei.gal\/wp-content\/uploads\/2017\/06\/escudo-castro-de-rei-footer.jpg\u00bb show_in_lightbox=\u00bboff\u00bb url_new_window=\u00bboff\u00bb use_overlay=\u00bboff\u00bb border_style=\u00bbsolid\u00bb animation=\u00bboff\u00bb background_position=\u00bbtop_left\u00bb background_repeat=\u00bbrepeat\u00bb background_size=\u00bbinitial\u00bb \/][\/et_pb_section]<\/p>\n","protected":false},"excerpt":{"rendered":"<p><div class=\"et_pb_row et_pb_row_0 et_pb_row_empty\">\n\t\t\t\t\n\t\t\t\t\n\t\t\t\t\n\t\t\t\t\n\t\t\t\t\n\t\t\t<\/div> Aviso legal Ayuntamiento de Castro de Rei &#8211; Plaza Mayor n\u00ba 1 27250 Castro de Rei, Lugo. &nbsp; Sobre la Propiedad Legal y el Copyright El propietario de esta web y su contenido es el Ayuntamiento de Castro de Rei Queda prohibida la transmisi\u00f3n, cesi\u00f3n, venta, alquiler y\/o exposici\u00f3n p\u00fablica de esta web sin [&hellip;]<\/p>\n","protected":false},"author":2,"featured_media":0,"parent":0,"menu_order":0,"comment_status":"closed","ping_status":"closed","template":"","meta":{"_et_pb_use_builder":"on","_et_pb_old_content":"","_et_gb_content_width":"","footnotes":""},"class_list":["post-205873","page","type-page","status-publish","hentry"],"_links":{"self":[{"href":"https:\/\/www.castroderei.gal\/es\/wp-json\/wp\/v2\/pages\/205873\/"}],"collection":[{"href":"https:\/\/www.castroderei.gal\/es\/wp-json\/wp\/v2\/pages\/"}],"about":[{"href":"https:\/\/www.castroderei.gal\/es\/wp-json\/wp\/v2\/types\/page\/"}],"author":[{"embeddable":true,"href":"https:\/\/www.castroderei.gal\/es\/wp-json\/wp\/v2\/users\/2\/"}],"replies":[{"embeddable":true,"href":"https:\/\/www.castroderei.gal\/es\/wp-json\/wp\/v2\/comments\/?post=205873"}],"version-history":[{"count":3,"href":"https:\/\/www.castroderei.gal\/es\/wp-json\/wp\/v2\/pages\/205873\/revisions\/"}],"predecessor-version":[{"id":205877,"href":"https:\/\/www.castroderei.gal\/es\/wp-json\/wp\/v2\/pages\/205873\/revisions\/205877\/"}],"wp:attachment":[{"href":"https:\/\/www.castroderei.gal\/es\/wp-json\/wp\/v2\/media\/?parent=205873"}],"curies":[{"name":"wp","href":"https:\/\/api.w.org\/{rel}","templated":true}]}}