{"id":205815,"date":"2017-07-12T17:30:27","date_gmt":"2017-07-12T17:30:27","guid":{"rendered":"https:\/\/www.castroderei.gal\/?page_id=205815"},"modified":"2024-09-12T18:24:49","modified_gmt":"2024-09-12T18:24:49","slug":"corporacion-municipal","status":"publish","type":"page","link":"https:\/\/www.castroderei.gal\/es\/corporacion-municipal\/","title":{"rendered":"Corporaci\u00f3n Municipal"},"content":{"rendered":"<p>[et_pb_section fb_built=\u00bb1&#8243; admin_label=\u00bbSection\u00bb _builder_version=\u00bb4.16&#8243; background_color=\u00bb#f7f7f7&#8243; custom_css_main_element=\u00bbborder-bottom: 2px solid rgba(12,113,195,0.3);\u00bb global_colors_info=\u00bb{}\u00bb][et_pb_row admin_label=\u00bbRow\u00bb _builder_version=\u00bb4.16&#8243; background_size=\u00bbinitial\u00bb background_position=\u00bbtop_left\u00bb background_repeat=\u00bbrepeat\u00bb global_colors_info=\u00bb{}\u00bb][et_pb_column type=\u00bb4_4&#8243; _builder_version=\u00bb4.16&#8243; custom_padding=\u00bb|||\u00bb global_colors_info=\u00bb{}\u00bb custom_padding__hover=\u00bb|||\u00bb][et_pb_text admin_label=\u00bbText\u00bb _builder_version=\u00bb4.16&#8243; text_font=\u00bbMontserrat|on||on|\u00bb text_text_color=\u00bb#0c71c3&#8243; text_font_size=\u00bb30&#8243; background_size=\u00bbinitial\u00bb background_position=\u00bbtop_left\u00bb background_repeat=\u00bbrepeat\u00bb text_orientation=\u00bbcenter\u00bb module_alignment=\u00bbcenter\u00bb global_colors_info=\u00bb{}\u00bb]Corporaci\u00f3n Municipal<br \/>\n[\/et_pb_text][\/et_pb_column][\/et_pb_row][\/et_pb_section][et_pb_section fb_built=\u00bb1&#8243; admin_label=\u00bbSection\u00bb _builder_version=\u00bb4.16&#8243; background_color=\u00bbrgba(79,35,0,0.13)\u00bb background_image=\u00bbhttps:\/\/www.castroderei.gal\/wp-content\/uploads\/2017\/06\/concello-castro-de-rei.jpg\u00bb parallax=\u00bbon\u00bb custom_padding=\u00bb20px||20px|\u00bb global_colors_info=\u00bb{}\u00bb][et_pb_row admin_label=\u00bbRow\u00bb _builder_version=\u00bb4.16&#8243; background_size=\u00bbinitial\u00bb background_position=\u00bbtop_left\u00bb background_repeat=\u00bbrepeat\u00bb max_width=\u00bb1600px\u00bb custom_padding=\u00bb5%||5%|\u00bb use_custom_width=\u00bbon\u00bb custom_width_px=\u00bb1600px\u00bb global_colors_info=\u00bb{}\u00bb column_structure=\u00bb1_3,1_3,1_3&#8243;][et_pb_column type=\u00bb1_3&#8243; _builder_version=\u00bb4.16&#8243; custom_padding=\u00bb|||\u00bb global_colors_info=\u00bb{}\u00bb custom_padding__hover=\u00bb|||\u00bb][et_pb_team_member name=\u00bbPartido Popular\u00bb image_url=\u00bbhttps:\/\/www.castroderei.gal\/wp-content\/uploads\/2017\/07\/pp0.png\u00bb icon_color=\u00bb#d8d8d8&#8243; admin_label=\u00bbPerson\u00bb _builder_version=\u00bb4.16&#8243; header_font=\u00bbMontserrat|on|||\u00bb header_text_color=\u00bb#000000&#8243; header_font_size=\u00bb25px\u00bb header_letter_spacing=\u00bb1px\u00bb header_line_height=\u00bb1.5em\u00bb body_font=\u00bbMontserrat||||\u00bb body_text_color=\u00bb#0c71c3&#8243; body_line_height=\u00bb1.5em\u00bb background_color=\u00bb#ffffff\u00bb background_size=\u00bbinitial\u00bb background_position=\u00bbtop_left\u00bb background_repeat=\u00bbrepeat\u00bb custom_padding=\u00bb20px|||\u00bb custom_css_main_element=\u00bb border-radius: 15px;|| -moz-border-radius:15px;|| -webkit-border-radius: 15px;|| -o-border-radius: 15px;\u00bb custom_css_member_image=\u00bb-webkit-clip-path: polygon(10% 0, 80% 0%, 100% 0, 100% 89%, 90% 100%, 0 100%, 0% 80%, 0 11%);||clip-path: polygon(10% 0, 80% 0%, 100% 0, 100% 89%, 90% 100%, 0 100%, 0% 80%, 0 11%);\u00bb custom_css_member_description=\u00bbpadding:30px;||text-align: -webkit-center;\u00bb border_style=\u00bbsolid\u00bb icon_hover_color=\u00bb#0c71c3&#8243; global_colors_info=\u00bb{}\u00bb icon_color__hover=\u00bb#0c71c3&#8243; icon_color__hover_enabled=\u00bbon\u00bb]<\/p>\n<p>&nbsp;<\/p>\n<p>D. Francisco Javier Balado Teijeiro.<\/p>\n<p><span>D. Roberto Lorenzo Fern\u00e1ndez.<\/span><\/p>\n<p><span>D. V\u00edctor Carrera Puente.<\/span><\/p>\n<p>\u00a0\u00a0 D\u00aa Laura Campo Fern\u00e1ndez.<\/p>\n<p>\u00a0\u00a0 D\u00aa Mar\u00eda Josefa L\u00f3pez L\u00f3pez.<\/p>\n<p>D.<span>\u00a0<\/span><span>Jos\u00e9 Rielo Losada.<\/span><\/p>\n<p><span>D.\u00a0<\/span><span>Jos\u00e9 Luis Garc\u00eda Barja.<\/span><\/p>\n<p>\u00a0\u00a0 D\u00aa. Marisol Gig\u00e1n D\u00edaz.<\/p>\n<p>\u00a0\u00a0 D\u00aa. Mar\u00eda Edita Sinde Basanta<\/p>\n<p>[\/et_pb_team_member][\/et_pb_column][et_pb_column type=\u00bb1_3&#8243; _builder_version=\u00bb4.16&#8243; custom_padding=\u00bb|||\u00bb global_colors_info=\u00bb{}\u00bb custom_padding__hover=\u00bb|||\u00bb][et_pb_team_member name=\u00bbPartido Socialista\u00bb image_url=\u00bbhttps:\/\/www.castroderei.gal\/wp-content\/uploads\/2017\/07\/psoe0.jpg\u00bb icon_color=\u00bb#d8d8d8&#8243; admin_label=\u00bbPerson\u00bb _builder_version=\u00bb4.16&#8243; header_font=\u00bbMontserrat|on|||\u00bb header_text_color=\u00bb#000000&#8243; header_font_size=\u00bb25px\u00bb header_letter_spacing=\u00bb1px\u00bb header_line_height=\u00bb1.5em\u00bb body_font=\u00bbMontserrat||||\u00bb body_text_color=\u00bb#0c71c3&#8243; body_line_height=\u00bb1.5em\u00bb background_color=\u00bb#ffffff\u00bb background_size=\u00bbinitial\u00bb background_position=\u00bbtop_left\u00bb background_repeat=\u00bbrepeat\u00bb custom_padding=\u00bb20px|||\u00bb custom_css_main_element=\u00bb border-radius: 15px;|| -moz-border-radius:15px;|| -webkit-border-radius: 15px;|| -o-border-radius: 15px;\u00bb custom_css_member_image=\u00bb-webkit-clip-path: polygon(10% 0, 80% 0%, 100% 0, 100% 89%, 90% 100%, 0 100%, 0% 80%, 0 11%);||clip-path: polygon(10% 0, 80% 0%, 100% 0, 100% 89%, 90% 100%, 0 100%, 0% 80%, 0 11%);\u00bb custom_css_member_description=\u00bbpadding:30px;||text-align: -webkit-center;\u00bb border_style=\u00bbsolid\u00bb icon_hover_color=\u00bb#0c71c3&#8243; global_colors_info=\u00bb{}\u00bb icon_color__hover=\u00bb#0c71c3&#8243; icon_color__hover_enabled=\u00bbon\u00bb]<\/p>\n<p>&nbsp;<\/p>\n<p>D\u00aa Alba Sinde Paz<\/p>\n<p>D. Jos\u00e9 Luis Castro Tellado<\/p>\n<p>D\u00aa Mar\u00eda Teresa Folgueira Lage<\/p>\n<p>[\/et_pb_team_member][\/et_pb_column][et_pb_column type=\u00bb1_3&#8243; _builder_version=\u00bb4.16&#8243; custom_padding=\u00bb|||\u00bb global_colors_info=\u00bb{}\u00bb custom_padding__hover=\u00bb|||\u00bb][et_pb_team_member name=\u00bbBloque Nacionalista Galego\u00bb image_url=\u00bbhttps:\/\/www.castroderei.gal\/wp-content\/uploads\/2017\/07\/bng0.jpg\u00bb icon_color=\u00bb#d8d8d8&#8243; admin_label=\u00bbPerson\u00bb _builder_version=\u00bb4.16&#8243; header_font=\u00bbMontserrat|on|||\u00bb header_text_color=\u00bb#000000&#8243; header_font_size=\u00bb25px\u00bb header_letter_spacing=\u00bb1px\u00bb header_line_height=\u00bb1.5em\u00bb body_font=\u00bbMontserrat||||\u00bb body_text_color=\u00bb#0c71c3&#8243; body_line_height=\u00bb1.5em\u00bb background_color=\u00bb#ffffff\u00bb background_size=\u00bbinitial\u00bb background_position=\u00bbtop_left\u00bb background_repeat=\u00bbrepeat\u00bb custom_css_main_element=\u00bb border-radius: 15px;|| -moz-border-radius:15px;|| -webkit-border-radius: 15px;|| -o-border-radius: 15px;\u00bb custom_css_member_image=\u00bb-webkit-clip-path: polygon(10% 0, 80% 0%, 100% 0, 100% 89%, 90% 100%, 0 100%, 0% 80%, 0 11%);||clip-path: polygon(10% 0, 80% 0%, 100% 0, 100% 89%, 90% 100%, 0 100%, 0% 80%, 0 11%);\u00bb custom_css_member_description=\u00bbpadding:30px;||text-align: -webkit-center;\u00bb border_style=\u00bbsolid\u00bb icon_hover_color=\u00bb#0c71c3&#8243; global_colors_info=\u00bb{}\u00bb icon_color__hover=\u00bb#0c71c3&#8243; icon_color__hover_enabled=\u00bbon\u00bb]<\/p>\n<p>&nbsp;<\/p>\n<p><span>D\u00aa Olga Garc\u00eda Portela<\/span><\/p>\n<p>[\/et_pb_team_member][\/et_pb_column][\/et_pb_row][\/et_pb_section][et_pb_section fb_built=\u00bb1&#8243; _builder_version=\u00bb3.0.51&#8243; background_color=\u00bb#f7f7f7&#8243; global_module=\u00bb204815&#8243; global_colors_info=\u00bb{}\u00bb][et_pb_row _builder_version=\u00bb4.16&#8243; background_size=\u00bbinitial\u00bb background_position=\u00bbtop_left\u00bb background_repeat=\u00bbrepeat\u00bb global_colors_info=\u00bb{}\u00bb][et_pb_column type=\u00bb4_4&#8243; _builder_version=\u00bb4.16&#8243; custom_padding=\u00bb|||\u00bb global_colors_info=\u00bb{}\u00bb custom_padding__hover=\u00bb|||\u00bb][et_pb_text _builder_version=\u00bb4.16&#8243; text_font=\u00bbMontserrat|on||on|\u00bb text_text_color=\u00bb#0c71c3&#8243; text_font_size=\u00bb30&#8243; background_size=\u00bbinitial\u00bb background_position=\u00bbtop_left\u00bb background_repeat=\u00bbrepeat\u00bb text_orientation=\u00bbcenter\u00bb module_alignment=\u00bbcenter\u00bb border_style=\u00bbsolid\u00bb global_colors_info=\u00bb{}\u00bb]<\/p>\n<p>Conoce Castro de Rei<\/p>\n<p>[\/et_pb_text][et_pb_text _builder_version=\u00bb4.16&#8243; text_font_size=\u00bb18px\u00bb text_orientation=\u00bbcenter\u00bb module_alignment=\u00bbcenter\u00bb border_style=\u00bbsolid\u00bb global_colors_info=\u00bb{}\u00bb]<\/p>\n<p>Gastronom\u00eda, alojamientos, senderismo y m\u00e1s&#8230;<\/p>\n<p>[\/et_pb_text][\/et_pb_column][\/et_pb_row][et_pb_row _builder_version=\u00bb4.16&#8243; global_colors_info=\u00bb{}\u00bb column_structure=\u00bb1_3,1_3,1_3&#8243;][et_pb_column type=\u00bb1_3&#8243; _builder_version=\u00bb4.16&#8243; custom_padding=\u00bb|||\u00bb global_colors_info=\u00bb{}\u00bb custom_padding__hover=\u00bb|||\u00bb][et_pb_cta button_url=\u00bbhttps:\/\/www.castroderei.gal\/servicios\/\u00bb button_text=\u00bbServicios\u00bb _builder_version=\u00bb4.16&#8243; body_font=\u00bb||||||||\u00bb body_font_size=\u00bb11px\u00bb background_image=\u00bbhttps:\/\/www.castroderei.gal\/wp-content\/uploads\/2017\/06\/servicios-castro-de-rei.jpg\u00bb custom_button=\u00bbon\u00bb button_text_size=\u00bb2em\u00bb button_bg_color=\u00bbrgba(0,0,0,0.4)\u00bb button_use_icon=\u00bboff\u00bb border_width_all=\u00bb2px\u00bb border_color_all=\u00bb#000000&#8243; border_style_all=\u00bbsolid\u00bb use_border_color=\u00bbon\u00bb border_color=\u00bb#000000&#8243; border_width=\u00bb2px\u00bb border_style=\u00bbsolid\u00bb global_colors_info=\u00bb{}\u00bb button_text_size__hover_enabled=\u00bboff\u00bb button_one_text_size__hover_enabled=\u00bboff\u00bb button_two_text_size__hover_enabled=\u00bboff\u00bb button_text_color__hover_enabled=\u00bboff\u00bb button_one_text_color__hover_enabled=\u00bboff\u00bb button_two_text_color__hover_enabled=\u00bboff\u00bb button_border_width__hover_enabled=\u00bboff\u00bb button_one_border_width__hover_enabled=\u00bboff\u00bb button_two_border_width__hover_enabled=\u00bboff\u00bb button_border_color__hover_enabled=\u00bboff\u00bb button_one_border_color__hover_enabled=\u00bboff\u00bb button_two_border_color__hover_enabled=\u00bboff\u00bb button_border_radius__hover_enabled=\u00bboff\u00bb button_one_border_radius__hover_enabled=\u00bboff\u00bb button_two_border_radius__hover_enabled=\u00bboff\u00bb button_letter_spacing__hover_enabled=\u00bboff\u00bb button_one_letter_spacing__hover_enabled=\u00bboff\u00bb button_two_letter_spacing__hover_enabled=\u00bboff\u00bb button_bg_color__hover_enabled=\u00bboff\u00bb button_one_bg_color__hover_enabled=\u00bboff\u00bb button_two_bg_color__hover_enabled=\u00bboff\u00bb][\/et_pb_cta][\/et_pb_column][et_pb_column type=\u00bb1_3&#8243; _builder_version=\u00bb4.16&#8243; custom_padding=\u00bb|||\u00bb global_colors_info=\u00bb{}\u00bb custom_padding__hover=\u00bb|||\u00bb][et_pb_cta button_url=\u00bbhttps:\/\/www.castroderei.gal\/patrimonio\/\u00bb button_text=\u00bbPatrimonio\u00bb _builder_version=\u00bb4.16&#8243; body_font=\u00bb||||||||\u00bb body_font_size=\u00bb11px\u00bb background_image=\u00bbhttps:\/\/www.castroderei.gal\/wp-content\/uploads\/2017\/06\/castro-de-viladonga.jpg\u00bb custom_button=\u00bbon\u00bb button_text_size=\u00bb2em\u00bb button_bg_color=\u00bbrgba(0,0,0,0.4)\u00bb button_use_icon=\u00bboff\u00bb border_width_all=\u00bb2px\u00bb border_color_all=\u00bb#000000&#8243; border_style_all=\u00bbsolid\u00bb use_border_color=\u00bbon\u00bb border_color=\u00bb#000000&#8243; border_width=\u00bb2px\u00bb border_style=\u00bbsolid\u00bb global_colors_info=\u00bb{}\u00bb button_text_size__hover_enabled=\u00bboff\u00bb button_one_text_size__hover_enabled=\u00bboff\u00bb button_two_text_size__hover_enabled=\u00bboff\u00bb button_text_color__hover_enabled=\u00bboff\u00bb button_one_text_color__hover_enabled=\u00bboff\u00bb button_two_text_color__hover_enabled=\u00bboff\u00bb button_border_width__hover_enabled=\u00bboff\u00bb button_one_border_width__hover_enabled=\u00bboff\u00bb button_two_border_width__hover_enabled=\u00bboff\u00bb button_border_color__hover_enabled=\u00bboff\u00bb button_one_border_color__hover_enabled=\u00bboff\u00bb button_two_border_color__hover_enabled=\u00bboff\u00bb button_border_radius__hover_enabled=\u00bboff\u00bb button_one_border_radius__hover_enabled=\u00bboff\u00bb button_two_border_radius__hover_enabled=\u00bboff\u00bb button_letter_spacing__hover_enabled=\u00bboff\u00bb button_one_letter_spacing__hover_enabled=\u00bboff\u00bb button_two_letter_spacing__hover_enabled=\u00bboff\u00bb button_bg_color__hover_enabled=\u00bboff\u00bb button_one_bg_color__hover_enabled=\u00bboff\u00bb button_two_bg_color__hover_enabled=\u00bboff\u00bb][\/et_pb_cta][\/et_pb_column][et_pb_column type=\u00bb1_3&#8243; _builder_version=\u00bb4.16&#8243; custom_padding=\u00bb|||\u00bb global_colors_info=\u00bb{}\u00bb custom_padding__hover=\u00bb|||\u00bb][et_pb_cta button_url=\u00bbhttps:\/\/www.castroderei.gal\/naturaleza\/\u00bb button_text=\u00bbNaturaleza\u00bb _builder_version=\u00bb4.16&#8243; body_font=\u00bb||||||||\u00bb body_font_size=\u00bb11px\u00bb background_image=\u00bbhttps:\/\/www.castroderei.gal\/wp-content\/uploads\/2017\/06\/laguna-de-caque.jpg\u00bb custom_button=\u00bbon\u00bb button_text_size=\u00bb2em\u00bb button_bg_color=\u00bbrgba(0,0,0,0.4)\u00bb button_use_icon=\u00bboff\u00bb border_width_all=\u00bb2px\u00bb border_color_all=\u00bb#000000&#8243; border_style_all=\u00bbsolid\u00bb use_border_color=\u00bbon\u00bb border_color=\u00bb#000000&#8243; border_width=\u00bb2px\u00bb border_style=\u00bbsolid\u00bb global_colors_info=\u00bb{}\u00bb button_text_size__hover_enabled=\u00bboff\u00bb button_one_text_size__hover_enabled=\u00bboff\u00bb button_two_text_size__hover_enabled=\u00bboff\u00bb button_text_color__hover_enabled=\u00bboff\u00bb button_one_text_color__hover_enabled=\u00bboff\u00bb button_two_text_color__hover_enabled=\u00bboff\u00bb button_border_width__hover_enabled=\u00bboff\u00bb button_one_border_width__hover_enabled=\u00bboff\u00bb button_two_border_width__hover_enabled=\u00bboff\u00bb button_border_color__hover_enabled=\u00bboff\u00bb button_one_border_color__hover_enabled=\u00bboff\u00bb button_two_border_color__hover_enabled=\u00bboff\u00bb button_border_radius__hover_enabled=\u00bboff\u00bb button_one_border_radius__hover_enabled=\u00bboff\u00bb button_two_border_radius__hover_enabled=\u00bboff\u00bb button_letter_spacing__hover_enabled=\u00bboff\u00bb button_one_letter_spacing__hover_enabled=\u00bboff\u00bb button_two_letter_spacing__hover_enabled=\u00bboff\u00bb button_bg_color__hover_enabled=\u00bboff\u00bb button_one_bg_color__hover_enabled=\u00bboff\u00bb button_two_bg_color__hover_enabled=\u00bboff\u00bb][\/et_pb_cta][\/et_pb_column][\/et_pb_row][\/et_pb_section][et_pb_section fb_built=\u00bb1&#8243; specialty=\u00bbon\u00bb custom_padding_last_edited=\u00bbon|desktop\u00bb parallax_method_1=\u00bboff\u00bb parallax_method_2=\u00bboff\u00bb background_repeat_1=\u00bbno-repeat\u00bb background_repeat_2=\u00bbno-repeat\u00bb background_position_1=\u00bbtop_left\u00bb background_position_2=\u00bbtop_left\u00bb admin_label=\u00bbSection\u00bb _builder_version=\u00bb3.22&#8243; background_color=\u00bb#001443&#8243; custom_padding_tablet=\u00bb50px|0|50px|0&#8243; padding_mobile=\u00bboff\u00bb global_module=\u00bb204329&#8243; collapsed=\u00bboff\u00bb global_colors_info=\u00bb{}\u00bb custom_padding_phone=\u00bb50px|0|50px|0&#8243;][et_pb_column type=\u00bb1_3&#8243; _builder_version=\u00bb4.16&#8243; custom_padding=\u00bb|||\u00bb global_colors_info=\u00bb{}\u00bb custom_padding__hover=\u00bb|||\u00bb][et_pb_image src=\u00bbhttps:\/\/www.castroderei.gal\/wp-content\/uploads\/2017\/06\/logo-gis-castro.png\u00bb align_tablet=\u00bbcenter\u00bb align_phone=\u00bb\u00bb align_last_edited=\u00bbon|desktop\u00bb _builder_version=\u00bb4.16&#8243; border_style=\u00bbsolid\u00bb sticky=\u00bboff\u00bb always_center_on_mobile=\u00bbon\u00bb global_colors_info=\u00bb{}\u00bb][\/et_pb_image][\/et_pb_column][et_pb_column type=\u00bb2_3&#8243; specialty_columns=\u00bb2&#8243; _builder_version=\u00bb4.16&#8243; custom_padding=\u00bb|||\u00bb global_colors_info=\u00bb{}\u00bb custom_padding__hover=\u00bb|||\u00bb][et_pb_row_inner padding_mobile=\u00bbon\u00bb column_padding_mobile=\u00bbon\u00bb custom_padding_last_edited=\u00bbon|desktop\u00bb admin_label=\u00bbRow\u00bb _builder_version=\u00bb4.16&#8243; custom_padding=\u00bb||0px|\u00bb custom_padding_tablet=\u00bb||10px|\u00bb custom_padding_phone=\u00bb\u00bb global_colors_info=\u00bb{}\u00bb][et_pb_column_inner saved_specialty_column_type=\u00bb2_3&#8243; _builder_version=\u00bb4.16&#8243; custom_padding=\u00bb|||\u00bb global_colors_info=\u00bb{}\u00bb custom_padding__hover=\u00bb|||\u00bb][et_pb_text _builder_version=\u00bb4.16&#8243; text_font=\u00bbMontserrat|on||on|\u00bb text_text_color=\u00bb#ffffff\u00bb text_font_size=\u00bb20&#8243; text_letter_spacing=\u00bb2px\u00bb background_size=\u00bbinitial\u00bb background_position=\u00bbtop_left\u00bb background_repeat=\u00bbrepeat\u00bb background_layout=\u00bbdark\u00bb global_colors_info=\u00bb{}\u00bb]<\/p>\n<p>Ayuntamiento de Castro de Rei<\/p>\n<p>[\/et_pb_text][\/et_pb_column_inner][\/et_pb_row_inner][et_pb_row_inner column_structure=\u00bb1_2,1_2&#8243; padding_mobile=\u00bboff\u00bb column_padding_mobile=\u00bbon\u00bb admin_label=\u00bbRow\u00bb _builder_version=\u00bb4.16&#8243; global_colors_info=\u00bb{}\u00bb][et_pb_column_inner type=\u00bb1_2&#8243; saved_specialty_column_type=\u00bb2_3&#8243; _builder_version=\u00bb4.16&#8243; custom_padding=\u00bb|||\u00bb global_colors_info=\u00bb{}\u00bb custom_padding__hover=\u00bb|||\u00bb][et_pb_blurb url=\u00bb#\u00bb use_icon=\u00bbon\u00bb font_icon=\u00bb&#xe01d;||divi||400&#8243; icon_color=\u00bb#ffffff\u00bb icon_placement=\u00bbleft\u00bb image_icon_width=\u00bb18&#8243; _builder_version=\u00bb4.16&#8243; header_font=\u00bbMontserrat||||\u00bb body_font=\u00bbMontserrat||||\u00bb body_text_color=\u00bb#ffffff\u00bb body_font_size=\u00bb16&#8243; body_line_height=\u00bb1.5em\u00bb background_size=\u00bbinitial\u00bb background_position=\u00bbtop_left\u00bb background_repeat=\u00bbrepeat\u00bb background_layout=\u00bbdark\u00bb icon_font_size=\u00bb18&#8243; global_colors_info=\u00bb{}\u00bb]<\/p>\n<p>Plaza Mayor N\u00b01<\/p>\n<p>27250 Castro de Rei &#8211;\u00a0Lugo (Galicia)<\/p>\n<p>[\/et_pb_blurb][\/et_pb_column_inner][et_pb_column_inner type=\u00bb1_2&#8243; saved_specialty_column_type=\u00bb2_3&#8243; _builder_version=\u00bb4.16&#8243; custom_padding=\u00bb|||\u00bb global_colors_info=\u00bb{}\u00bb custom_padding__hover=\u00bb|||\u00bb][et_pb_blurb url=\u00bb#\u00bb use_icon=\u00bbon\u00bb font_icon=\u00bb&#xe010;||divi||400&#8243; icon_color=\u00bb#ffffff\u00bb icon_placement=\u00bbleft\u00bb image_icon_width=\u00bb20&#8243; _builder_version=\u00bb4.16&#8243; header_font=\u00bbMontserrat||||\u00bb body_font=\u00bbMontserrat||||\u00bb body_text_color=\u00bb#ffffff\u00bb body_font_size=\u00bb16&#8243; body_line_height=\u00bb1.5em\u00bb background_size=\u00bbinitial\u00bb background_position=\u00bbtop_left\u00bb background_repeat=\u00bbrepeat\u00bb background_layout=\u00bbdark\u00bb custom_margin=\u00bb||0px|\u00bb custom_padding=\u00bb||15px|\u00bb icon_font_size=\u00bb20&#8243; global_colors_info=\u00bb{}\u00bb]<\/p>\n<p>info@castroderei.gal<\/p>\n<p>[\/et_pb_blurb][et_pb_blurb url=\u00bb#\u00bb use_icon=\u00bbon\u00bb font_icon=\u00bb&#xe00b;||divi||400&#8243; icon_color=\u00bb#ffffff\u00bb icon_placement=\u00bbleft\u00bb image_icon_width=\u00bb20&#8243; _builder_version=\u00bb4.16&#8243; body_font=\u00bbOpen Sans||||\u00bb body_text_color=\u00bb#ffffff\u00bb body_font_size=\u00bb16&#8243; body_line_height=\u00bb1.5em\u00bb background_size=\u00bbinitial\u00bb background_position=\u00bbtop_left\u00bb background_repeat=\u00bbrepeat\u00bb background_layout=\u00bbdark\u00bb icon_font_size=\u00bb20&#8243; global_colors_info=\u00bb{}\u00bb]<\/p>\n<p>982 314 034<\/p>\n<p>[\/et_pb_blurb][\/et_pb_column_inner][\/et_pb_row_inner][\/et_pb_column][\/et_pb_section][et_pb_section fb_built=\u00bb1&#8243; fullwidth=\u00bbon\u00bb _builder_version=\u00bb3.0.51&#8243; global_module=\u00bb204534&#8243; global_colors_info=\u00bb{}\u00bb][et_pb_fullwidth_image src=\u00bbhttps:\/\/www.castroderei.gal\/wp-content\/uploads\/2017\/06\/escudo-castro-de-rei-footer.jpg\u00bb _builder_version=\u00bb4.16&#8243; background_size=\u00bbinitial\u00bb background_position=\u00bbtop_left\u00bb background_repeat=\u00bbrepeat\u00bb border_style=\u00bbsolid\u00bb animation=\u00bboff\u00bb global_colors_info=\u00bb{}\u00bb][\/et_pb_fullwidth_image][\/et_pb_section]<\/p>\n","protected":false},"excerpt":{"rendered":"<p>Corporaci\u00f3n Municipal &nbsp; D. Francisco Javier Balado Teijeiro. D. Roberto Lorenzo Fern\u00e1ndez. D. V\u00edctor Carrera Puente. \u00a0\u00a0 D\u00aa Laura Campo Fern\u00e1ndez. \u00a0\u00a0 D\u00aa Mar\u00eda Josefa L\u00f3pez L\u00f3pez. D.\u00a0Jos\u00e9 Rielo Losada. D.\u00a0Jos\u00e9 Luis Garc\u00eda Barja. \u00a0\u00a0 D\u00aa. Marisol Gig\u00e1n D\u00edaz. \u00a0\u00a0 D\u00aa. Mar\u00eda Edita Sinde Basanta&nbsp; D\u00aa Alba Sinde Paz D. Jos\u00e9 Luis Castro Tellado D\u00aa [&hellip;]<\/p>\n","protected":false},"author":2,"featured_media":0,"parent":0,"menu_order":0,"comment_status":"closed","ping_status":"closed","template":"","meta":{"_et_pb_use_builder":"on","_et_pb_old_content":"","_et_gb_content_width":"","footnotes":""},"class_list":["post-205815","page","type-page","status-publish","hentry"],"_links":{"self":[{"href":"https:\/\/www.castroderei.gal\/es\/wp-json\/wp\/v2\/pages\/205815\/"}],"collection":[{"href":"https:\/\/www.castroderei.gal\/es\/wp-json\/wp\/v2\/pages\/"}],"about":[{"href":"https:\/\/www.castroderei.gal\/es\/wp-json\/wp\/v2\/types\/page\/"}],"author":[{"embeddable":true,"href":"https:\/\/www.castroderei.gal\/es\/wp-json\/wp\/v2\/users\/2\/"}],"replies":[{"embeddable":true,"href":"https:\/\/www.castroderei.gal\/es\/wp-json\/wp\/v2\/comments\/?post=205815"}],"version-history":[{"count":6,"href":"https:\/\/www.castroderei.gal\/es\/wp-json\/wp\/v2\/pages\/205815\/revisions\/"}],"predecessor-version":[{"id":208678,"href":"https:\/\/www.castroderei.gal\/es\/wp-json\/wp\/v2\/pages\/205815\/revisions\/208678\/"}],"wp:attachment":[{"href":"https:\/\/www.castroderei.gal\/es\/wp-json\/wp\/v2\/media\/?parent=205815"}],"curies":[{"name":"wp","href":"https:\/\/api.w.org\/{rel}","templated":true}]}}