{"id":204958,"date":"2017-06-25T20:34:23","date_gmt":"2017-06-25T20:34:23","guid":{"rendered":"https:\/\/www.castroderei.gal\/?page_id=204958"},"modified":"2017-07-10T07:58:33","modified_gmt":"2017-07-10T07:58:33","slug":"anuncios-perfil-contratante","status":"publish","type":"page","link":"https:\/\/www.castroderei.gal\/es\/anuncios-perfil-contratante\/","title":{"rendered":"Perfil Contratante"},"content":{"rendered":"<p>[et_pb_section bb_built=\u00bb1&#8243; admin_label=\u00bbsection\u00bb background_color=\u00bb#2ea3f2&#8243; fullwidth=\u00bbon\u00bb _builder_version=\u00bb3.0.51&#8243;][et_pb_fullwidth_header admin_label=\u00bbFullwidth Header\u00bb title=\u00bbAvisos Perfil del Contratante\u00bb subhead=\u00bbDescarga de documentos\u00bb background_layout=\u00bbdark\u00bb text_orientation=\u00bbjustified\u00bb logo_image_url=\u00bbhttps:\/\/www.castroderei.gal\/wp-content\/uploads\/2017\/06\/logo.png\u00bb _builder_version=\u00bb3.0.60&#8243; background_size=\u00bbinitial\u00bb background_position=\u00bbtop_left\u00bb background_repeat=\u00bbrepeat\u00bb \/][\/et_pb_section][et_pb_section bb_built=\u00bb1&#8243; _builder_version=\u00bb3.0.47&#8243; custom_padding=\u00bb0px|0px|54px|0px\u00bb][et_pb_row _builder_version=\u00bb3.0.47&#8243; background_size=\u00bbinitial\u00bb background_position=\u00bbtop_left\u00bb background_repeat=\u00bbrepeat\u00bb][et_pb_column type=\u00bb4_4&#8243;][et_pb_blog posts_number=\u00bb20&#8243; include_categories=\u00bb14&#8243; show_more=\u00bbon\u00bb show_author=\u00bboff\u00bb offset_number=\u00bb0&#8243; _builder_version=\u00bb3.0.51&#8243; \/][et_pb_tabs _builder_version=\u00bb3.0.60&#8243; saved_tabs=\u00bball\u00bb border_style=\u00bbsolid\u00bb] [et_pb_tab title=\u00bbTr\u00e1mites gen\u00e9ricos\u00bb _builder_version=\u00bb3.0.51&#8243; tab_font=\u00bb||||\u00bb body_font=\u00bb||||\u00bb]<\/p>\n<p><a href=\"https:\/\/www.castroderei.gal\/wp-content\/uploads\/2017\/06\/INSTANCIA-ACHEGA-DOCUMENTACI\u00d3N.pdf\">INSTANCIA ACHEGA DOCUMENTACI\u00d3N<\/a><\/p>\n<p><a href=\"https:\/\/www.castroderei.gal\/wp-content\/uploads\/2017\/06\/SOLICITUDE.pdf\">SOLICITUDE<\/a><\/p>\n<p>[\/et_pb_tab][et_pb_tab title=\u00bbPadr\u00f3n\u00bb _builder_version=\u00bb3.0.51&#8243;][\/et_pb_tab][et_pb_tab title=\u00bbTributos\u00bb _builder_version=\u00bb3.0.51&#8243;][\/et_pb_tab][et_pb_tab title=\u00bbUrbanismo\u00bb _builder_version=\u00bb3.0.51&#8243; tab_font=\u00bb||||\u00bb body_font=\u00bb||||\u00bb]<\/p>\n<p><a href=\"https:\/\/www.castroderei.gal\/wp-content\/uploads\/2017\/06\/COMUNICACI\u00d3N-PREVIA.pdf\">COMUNICACI\u00d3N PREVIA<\/a><\/p>\n<p><a href=\"https:\/\/www.castroderei.gal\/wp-content\/uploads\/2017\/06\/SOLICITUDE-CERTIFICACI\u00d3N-INFORMACI\u00d3N-URBAN\u00cdSTICA.pdf\">SOLICITUDE CERTIFICACI\u00d3N-INFORMACI\u00d3N URBAN\u00cdSTICA<\/a><\/p>\n<p><a href=\"https:\/\/www.castroderei.gal\/wp-content\/uploads\/2017\/06\/SOLICITUDE-LICENZA-OBRA.pdf\">SOLICITUDE LICENZA OBRA<\/a><\/p>\n<p>&nbsp;<\/p>\n<p>[\/et_pb_tab][et_pb_tab title=\u00bbCultura, ocio y deporte\u00bb _builder_version=\u00bb3.0.51&#8243; tab_font=\u00bb||||\u00bb body_font=\u00bb||||\u00bb]<\/p>\n<p><a href=\"https:\/\/www.castroderei.gal\/wp-content\/uploads\/2017\/06\/FICHA-INSCRICI\u00d3N-ACTIVIDADES-DEPORTIVAS-MUNICIPAIS-ADM.pdf\">FICHA INSCRICI\u00d3N ACTIVIDADES DEPORTIVAS MUNICIPAIS (ADM)<\/a><\/p>\n<p><a href=\"https:\/\/www.castroderei.gal\/wp-content\/uploads\/2017\/06\/FICHA-INSCRICI\u00d3N-CAMPAMENTOS-DE-VER\u00c1N.pdf\">FICHA INSCRICI\u00d3N CAMPAMENTOS DE VER\u00c1N<\/a><\/p>\n<p>[\/et_pb_tab][et_pb_tab title=\u00bbServicios sociales\u00bb _builder_version=\u00bb3.0.51&#8243; tab_font=\u00bb||||\u00bb body_font=\u00bb||||\u00bb]<\/p>\n<p><a href=\"https:\/\/www.castroderei.gal\/wp-content\/uploads\/2017\/06\/OFICIO-ACHEGA-DOCUMENTACI\u00d3N-\u00c1REA-SERVIZOS-SOCIAIS.pdf\">OFICIO ACHEGA DOCUMENTACI\u00d3N \u00c1REA SERVIZOS SOCIAIS<\/a><\/p>\n<p><a href=\"https:\/\/www.castroderei.gal\/wp-content\/uploads\/2017\/06\/SOLICITUDE-AXUDA-NO-FOGAR-LIBRE-CONCORRENCIA-E-INFORME-M\u00c9DICO.pdf\">SOLICITUDE AXUDA NO FOGAR LIBRE CONCORRENCIA E INFORME M\u00c9DICO<\/a><\/p>\n<p><a href=\"https:\/\/www.castroderei.gal\/wp-content\/uploads\/2017\/06\/SOLICITUDE-PRAZA-ESCOLA-INFANTIL-MUNICIPAL.pdf\">SOLICITUDE PRAZA ESCOLA INFANTIL MUNICIPAL<\/a><\/p>\n<p><a href=\"https:\/\/www.castroderei.gal\/wp-content\/uploads\/2017\/06\/SOLICITUDE-RECO\u00d1ECEMENTO-GRAO-DISCAPACIDADE.pdf\">SOLICITUDE RECO\u00d1ECEMENTO GRAO DISCAPACIDADE<\/a><\/p>\n<p><a href=\"https:\/\/www.castroderei.gal\/wp-content\/uploads\/2017\/06\/SOLICITUDE-RECO\u00d1ECEMENTO-SITUACI\u00d3N-DEPENDENCIA.pdf\">SOLICITUDE RECO\u00d1ECEMENTO SITUACI\u00d3N DEPENDENCIA<\/a><\/p>\n<p>&nbsp;<\/p>\n<p>[\/et_pb_tab][et_pb_tab title=\u00bbEmpleo\u00bb _builder_version=\u00bb3.0.51&#8243;]<\/p>\n<p>Empleo<\/p>\n<p>[\/et_pb_tab] [\/et_pb_tabs][\/et_pb_column][\/et_pb_row][\/et_pb_section]<\/p>\n","protected":false},"excerpt":{"rendered":"<p>INSTANCIA ACHEGA DOCUMENTACI\u00d3N SOLICITUDE COMUNICACI\u00d3N PREVIA SOLICITUDE CERTIFICACI\u00d3N-INFORMACI\u00d3N URBAN\u00cdSTICA SOLICITUDE LICENZA OBRA &nbsp; FICHA INSCRICI\u00d3N ACTIVIDADES DEPORTIVAS MUNICIPAIS (ADM) FICHA INSCRICI\u00d3N CAMPAMENTOS DE VER\u00c1N OFICIO ACHEGA DOCUMENTACI\u00d3N \u00c1REA SERVIZOS SOCIAIS SOLICITUDE AXUDA NO FOGAR LIBRE CONCORRENCIA E INFORME M\u00c9DICO SOLICITUDE PRAZA ESCOLA INFANTIL MUNICIPAL SOLICITUDE RECO\u00d1ECEMENTO GRAO DISCAPACIDADE SOLICITUDE RECO\u00d1ECEMENTO SITUACI\u00d3N DEPENDENCIA &nbsp; Empleo<\/p>\n","protected":false},"author":1,"featured_media":0,"parent":0,"menu_order":0,"comment_status":"closed","ping_status":"closed","template":"","meta":{"_et_pb_use_builder":"on","_et_pb_old_content":"","_et_gb_content_width":"","footnotes":""},"class_list":["post-204958","page","type-page","status-publish","hentry"],"_links":{"self":[{"href":"https:\/\/www.castroderei.gal\/es\/wp-json\/wp\/v2\/pages\/204958\/"}],"collection":[{"href":"https:\/\/www.castroderei.gal\/es\/wp-json\/wp\/v2\/pages\/"}],"about":[{"href":"https:\/\/www.castroderei.gal\/es\/wp-json\/wp\/v2\/types\/page\/"}],"author":[{"embeddable":true,"href":"https:\/\/www.castroderei.gal\/es\/wp-json\/wp\/v2\/users\/1\/"}],"replies":[{"embeddable":true,"href":"https:\/\/www.castroderei.gal\/es\/wp-json\/wp\/v2\/comments\/?post=204958"}],"version-history":[{"count":6,"href":"https:\/\/www.castroderei.gal\/es\/wp-json\/wp\/v2\/pages\/204958\/revisions\/"}],"predecessor-version":[{"id":205295,"href":"https:\/\/www.castroderei.gal\/es\/wp-json\/wp\/v2\/pages\/204958\/revisions\/205295\/"}],"wp:attachment":[{"href":"https:\/\/www.castroderei.gal\/es\/wp-json\/wp\/v2\/media\/?parent=204958"}],"curies":[{"name":"wp","href":"https:\/\/api.w.org\/{rel}","templated":true}]}}