{"id":204956,"date":"2017-06-25T20:32:15","date_gmt":"2017-06-25T20:32:15","guid":{"rendered":"https:\/\/www.castroderei.gal\/?page_id=204956"},"modified":"2018-02-06T08:50:09","modified_gmt":"2018-02-06T08:50:09","slug":"perfil-empresas","status":"publish","type":"page","link":"https:\/\/www.castroderei.gal\/es\/perfil-empresas\/","title":{"rendered":"Perfil Empresas"},"content":{"rendered":"<p>[et_pb_section bb_built=\u00bb1&#8243; admin_label=\u00bbsection\u00bb background_color=\u00bb#2ea3f2&#8243; fullwidth=\u00bbon\u00bb _builder_version=\u00bb3.0.51&#8243;][et_pb_fullwidth_header title=\u00bbPerfil empresas\u00bb subhead=\u00bbDescarga de documentos\u00bb background_layout=\u00bbdark\u00bb text_orientation=\u00bbcenter\u00bb logo_image_url=\u00bbhttps:\/\/www.castroderei.gal\/wp-content\/uploads\/2017\/06\/logo.png\u00bb _builder_version=\u00bb3.0.62&#8243; background_size=\u00bbinitial\u00bb background_position=\u00bbtop_left\u00bb background_repeat=\u00bbrepeat\u00bb header_fullscreen=\u00bboff\u00bb header_scroll_down=\u00bboff\u00bb image_orientation=\u00bbcenter\u00bb content_orientation=\u00bbcenter\u00bb custom_button_one=\u00bboff\u00bb button_one_letter_spacing=\u00bb0&#8243; button_one_icon_placement=\u00bbright\u00bb button_one_letter_spacing_hover=\u00bb0&#8243; custom_button_two=\u00bboff\u00bb button_two_letter_spacing=\u00bb0&#8243; button_two_icon_placement=\u00bbright\u00bb button_two_letter_spacing_hover=\u00bb0&#8243; \/][\/et_pb_section][et_pb_section bb_built=\u00bb1&#8243; _builder_version=\u00bb3.0.47&#8243;][et_pb_row _builder_version=\u00bb3.0.47&#8243; background_size=\u00bbinitial\u00bb background_position=\u00bbtop_left\u00bb background_repeat=\u00bbrepeat\u00bb][et_pb_column type=\u00bb4_4&#8243;][et_pb_tabs _builder_version=\u00bb3.0.100&#8243; saved_tabs=\u00bball\u00bb][et_pb_tab title=\u00bbTr\u00e1mites gen\u00e9ricos\u00bb _builder_version=\u00bb3.0.100&#8243; tab_font=\u00bb||||\u00bb body_font=\u00bb||||\u00bb]<\/p>\n<p><a href=\"https:\/\/www.castroderei.gal\/wp-content\/uploads\/2017\/06\/INSTANCIA-ACHEGA-DOCUMENTACI\u00d3N.pdf\">INSTANCIA ACHEGA DOCUMENTACI\u00d3N<\/a><\/p>\n<p><a href=\"https:\/\/www.castroderei.gal\/wp-content\/uploads\/2017\/06\/SOLICITUDE.pdf\">SOLICITUDE<\/a><\/p>\n<p>[\/et_pb_tab][et_pb_tab _builder_version=\u00bb3.0.100&#8243; title=\u00bbAguas\u00bb use_background_color_gradient=\u00bboff\u00bb background_color_gradient_start=\u00bb#2b87da\u00bb background_color_gradient_end=\u00bb#29c4a9&#8243; background_color_gradient_type=\u00bblinear\u00bb background_color_gradient_direction=\u00bb180deg\u00bb background_color_gradient_direction_radial=\u00bbcenter\u00bb background_color_gradient_start_position=\u00bb0%\u00bb background_color_gradient_end_position=\u00bb100%\u00bb background_color_gradient_overlays_image=\u00bboff\u00bb parallax=\u00bboff\u00bb parallax_method=\u00bbon\u00bb background_size=\u00bbcover\u00bb background_position=\u00bbcenter\u00bb background_repeat=\u00bbno-repeat\u00bb background_blend=\u00bbnormal\u00bb allow_player_pause=\u00bboff\u00bb background_video_pause_outside_viewport=\u00bbon\u00bb tab_text_shadow_style=\u00bbnone\u00bb body_text_shadow_style=\u00bbnone\u00bb]<\/p>\n<p><a href=\"https:\/\/www.castroderei.gal\/wp-content\/uploads\/2018\/02\/SOLICITUDE-CAMBIO-TITULARIDADE-CONTADOR-DE-AUGA.pdf\">SOLICITUDE CAMBIO TITULARIDADE CONTADOR DE AUGA<\/a><\/p>\n<p><a href=\"https:\/\/www.castroderei.gal\/wp-content\/uploads\/2018\/02\/ORDE-DOMICILIACI\u00d3N-RECIBO-DE-AUGA.pdf\">ORDE DOMICILIACI\u00d3N RECIBO DE AUGA<\/a><\/p>\n<p><a href=\"https:\/\/www.castroderei.gal\/wp-content\/uploads\/2018\/02\/CONTRATO-DE-SUMINISTRO-DE-AUGA.pdf\">CONTRATO DE SUMINISTRO DE AUGA<\/a><\/p>\n<p>[\/et_pb_tab][et_pb_tab title=\u00bbPadr\u00f3n\u00bb _builder_version=\u00bb3.0.100&#8243; \/][et_pb_tab title=\u00bbUrbanismo\u00bb _builder_version=\u00bb3.0.100&#8243; tab_font=\u00bb||||\u00bb body_font=\u00bb||||\u00bb]<\/p>\n<p><a href=\"https:\/\/www.castroderei.gal\/wp-content\/uploads\/2017\/06\/COMUNICACI\u00d3N-PREVIA.pdf\">COMUNICACI\u00d3N PREVIA<\/a><\/p>\n<p><a href=\"https:\/\/www.castroderei.gal\/wp-content\/uploads\/2017\/06\/SOLICITUDE-CERTIFICACI\u00d3N-INFORMACI\u00d3N-URBAN\u00cdSTICA.pdf\">SOLICITUDE CERTIFICACI\u00d3N-INFORMACI\u00d3N URBAN\u00cdSTICA<\/a><\/p>\n<p><a href=\"https:\/\/www.castroderei.gal\/wp-content\/uploads\/2017\/06\/SOLICITUDE-LICENZA-OBRA.pdf\">SOLICITUDE LICENZA OBRA<\/a><\/p>\n<p>&nbsp;<\/p>\n<p>[\/et_pb_tab][et_pb_tab title=\u00bbCultura y deporte\u00bb _builder_version=\u00bb3.0.100&#8243; tab_font=\u00bb||||\u00bb body_font=\u00bb||||\u00bb use_background_color_gradient=\u00bboff\u00bb background_color_gradient_start=\u00bb#2b87da\u00bb background_color_gradient_end=\u00bb#29c4a9&#8243; background_color_gradient_type=\u00bblinear\u00bb background_color_gradient_direction=\u00bb180deg\u00bb background_color_gradient_direction_radial=\u00bbcenter\u00bb background_color_gradient_start_position=\u00bb0%\u00bb background_color_gradient_end_position=\u00bb100%\u00bb background_color_gradient_overlays_image=\u00bboff\u00bb parallax=\u00bboff\u00bb parallax_method=\u00bbon\u00bb background_size=\u00bbcover\u00bb background_position=\u00bbcenter\u00bb background_repeat=\u00bbno-repeat\u00bb background_blend=\u00bbnormal\u00bb allow_player_pause=\u00bboff\u00bb background_video_pause_outside_viewport=\u00bbon\u00bb tab_text_shadow_style=\u00bbnone\u00bb body_text_shadow_style=\u00bbnone\u00bb]<\/p>\n<p><a href=\"https:\/\/www.castroderei.gal\/wp-content\/uploads\/2017\/06\/FICHA-INSCRICI\u00d3N-ACTIVIDADES-DEPORTIVAS-MUNICIPAIS-ADM.pdf\">FICHA INSCRICI\u00d3N ACTIVIDADES DEPORTIVAS MUNICIPAIS (ADM)<\/a><\/p>\n<p><a href=\"https:\/\/www.castroderei.gal\/wp-content\/uploads\/2017\/06\/FICHA-INSCRICI\u00d3N-CAMPAMENTOS-DE-VER\u00c1N.pdf\">FICHA INSCRICI\u00d3N CAMPAMENTOS DE VER\u00c1N<\/a><\/p>\n<p>[\/et_pb_tab][et_pb_tab title=\u00bbServicios sociales\u00bb _builder_version=\u00bb3.0.100&#8243; tab_font=\u00bb||||\u00bb body_font=\u00bb||||\u00bb]<\/p>\n<p><a href=\"https:\/\/www.castroderei.gal\/wp-content\/uploads\/2017\/06\/OFICIO-ACHEGA-DOCUMENTACI\u00d3N-\u00c1REA-SERVIZOS-SOCIAIS.pdf\">OFICIO ACHEGA DOCUMENTACI\u00d3N \u00c1REA SERVIZOS SOCIAIS<\/a><\/p>\n<p><a href=\"https:\/\/www.castroderei.gal\/wp-content\/uploads\/2017\/06\/SOLICITUDE-AXUDA-NO-FOGAR-LIBRE-CONCORRENCIA-E-INFORME-M\u00c9DICO.pdf\">SOLICITUDE AXUDA NO FOGAR LIBRE CONCORRENCIA E INFORME M\u00c9DICO<\/a><\/p>\n<p><a href=\"https:\/\/www.castroderei.gal\/wp-content\/uploads\/2017\/06\/SOLICITUDE-PRAZA-ESCOLA-INFANTIL-MUNICIPAL.pdf\">SOLICITUDE PRAZA ESCOLA INFANTIL MUNICIPAL<\/a><\/p>\n<p><a href=\"https:\/\/www.castroderei.gal\/wp-content\/uploads\/2017\/06\/SOLICITUDE-RECO\u00d1ECEMENTO-GRAO-DISCAPACIDADE.pdf\">SOLICITUDE RECO\u00d1ECEMENTO GRAO DISCAPACIDADE<\/a><\/p>\n<p><a href=\"https:\/\/www.castroderei.gal\/wp-content\/uploads\/2017\/06\/SOLICITUDE-RECO\u00d1ECEMENTO-SITUACI\u00d3N-DEPENDENCIA.pdf\">SOLICITUDE RECO\u00d1ECEMENTO SITUACI\u00d3N DEPENDENCIA<\/a><\/p>\n<p>&nbsp;<\/p>\n<p>[\/et_pb_tab][et_pb_tab title=\u00bbEmpleo\u00bb _builder_version=\u00bb3.0.100&#8243;]<\/p>\n<p>Empleo<\/p>\n<p>[\/et_pb_tab][\/et_pb_tabs][\/et_pb_column][\/et_pb_row][et_pb_row _builder_version=\u00bb3.0.60&#8243;][et_pb_column type=\u00bb4_4&#8243;][et_pb_text _builder_version=\u00bb3.0.60&#8243;]<\/p>\n<p>En las pesta\u00f1as puedes encontrar los documentos correspondientes para su descarga<\/p>\n<p>[\/et_pb_text][\/et_pb_column][\/et_pb_row][et_pb_row _builder_version=\u00bb3.0.60&#8243;][et_pb_column type=\u00bb4_4&#8243;][et_pb_image src=\u00bbhttps:\/\/www.castroderei.gal\/wp-content\/uploads\/2017\/06\/CASTRO4.jpg\u00bb _builder_version=\u00bb3.0.60&#8243; animation_style=\u00bbslide\u00bb animation_duration=\u00bb500ms\u00bb animation_intensity_slide=\u00bb10%\u00bb animation_direction=\u00bbleft\u00bb show_bottom_space=\u00bbon\u00bb \/][\/et_pb_column][\/et_pb_row][\/et_pb_section]<\/p>\n","protected":false},"excerpt":{"rendered":"<p>INSTANCIA ACHEGA DOCUMENTACI\u00d3N SOLICITUDE SOLICITUDE CAMBIO TITULARIDADE CONTADOR DE AUGA ORDE DOMICILIACI\u00d3N RECIBO DE AUGA CONTRATO DE SUMINISTRO DE AUGA COMUNICACI\u00d3N PREVIA SOLICITUDE CERTIFICACI\u00d3N-INFORMACI\u00d3N URBAN\u00cdSTICA SOLICITUDE LICENZA OBRA &nbsp; FICHA INSCRICI\u00d3N ACTIVIDADES DEPORTIVAS MUNICIPAIS (ADM) FICHA INSCRICI\u00d3N CAMPAMENTOS DE VER\u00c1N OFICIO ACHEGA DOCUMENTACI\u00d3N \u00c1REA SERVIZOS SOCIAIS SOLICITUDE AXUDA NO FOGAR LIBRE CONCORRENCIA E INFORME M\u00c9DICO [&hellip;]<\/p>\n","protected":false},"author":1,"featured_media":0,"parent":0,"menu_order":0,"comment_status":"closed","ping_status":"closed","template":"","meta":{"_et_pb_use_builder":"on","_et_pb_old_content":"","_et_gb_content_width":"","footnotes":""},"class_list":["post-204956","page","type-page","status-publish","hentry"],"_links":{"self":[{"href":"https:\/\/www.castroderei.gal\/es\/wp-json\/wp\/v2\/pages\/204956\/"}],"collection":[{"href":"https:\/\/www.castroderei.gal\/es\/wp-json\/wp\/v2\/pages\/"}],"about":[{"href":"https:\/\/www.castroderei.gal\/es\/wp-json\/wp\/v2\/types\/page\/"}],"author":[{"embeddable":true,"href":"https:\/\/www.castroderei.gal\/es\/wp-json\/wp\/v2\/users\/1\/"}],"replies":[{"embeddable":true,"href":"https:\/\/www.castroderei.gal\/es\/wp-json\/wp\/v2\/comments\/?post=204956"}],"version-history":[{"count":8,"href":"https:\/\/www.castroderei.gal\/es\/wp-json\/wp\/v2\/pages\/204956\/revisions\/"}],"predecessor-version":[{"id":206536,"href":"https:\/\/www.castroderei.gal\/es\/wp-json\/wp\/v2\/pages\/204956\/revisions\/206536\/"}],"wp:attachment":[{"href":"https:\/\/www.castroderei.gal\/es\/wp-json\/wp\/v2\/media\/?parent=204956"}],"curies":[{"name":"wp","href":"https:\/\/api.w.org\/{rel}","templated":true}]}}