{"id":204942,"date":"2017-06-25T20:21:11","date_gmt":"2017-06-25T20:21:11","guid":{"rendered":"https:\/\/www.castroderei.gal\/?page_id=204942"},"modified":"2022-05-31T16:45:23","modified_gmt":"2022-05-31T16:45:23","slug":"perfil-ciudadanos","status":"publish","type":"page","link":"https:\/\/www.castroderei.gal\/es\/perfil-ciudadanos\/","title":{"rendered":"Perfil Ciudadanos"},"content":{"rendered":"<p>[et_pb_section fb_built=\u00bb1&#8243; fullwidth=\u00bbon\u00bb admin_label=\u00bbsection\u00bb _builder_version=\u00bb4.16&#8243; background_color=\u00bb#2ea3f2&#8243; global_colors_info=\u00bb{}\u00bb][et_pb_fullwidth_header title=\u00bbCiudadanos\u00bb subhead=\u00bbDescarga de documentos\u00bb text_orientation=\u00bbcenter\u00bb logo_image_url=\u00bbhttps:\/\/www.castroderei.gal\/wp-content\/uploads\/2017\/06\/logo.png\u00bb _builder_version=\u00bb4.16&#8243; background_color=\u00bbrgba(255, 255, 255, 0)\u00bb background_size=\u00bbinitial\u00bb background_position=\u00bbtop_left\u00bb background_repeat=\u00bbrepeat\u00bb global_colors_info=\u00bb{}\u00bb button_one_text_size__hover_enabled=\u00bboff\u00bb button_two_text_size__hover_enabled=\u00bboff\u00bb button_one_text_color__hover_enabled=\u00bboff\u00bb button_two_text_color__hover_enabled=\u00bboff\u00bb button_one_border_width__hover_enabled=\u00bboff\u00bb button_two_border_width__hover_enabled=\u00bboff\u00bb button_one_border_color__hover_enabled=\u00bboff\u00bb button_two_border_color__hover_enabled=\u00bboff\u00bb button_one_border_radius__hover_enabled=\u00bboff\u00bb button_two_border_radius__hover_enabled=\u00bboff\u00bb button_one_letter_spacing__hover_enabled=\u00bboff\u00bb button_two_letter_spacing__hover_enabled=\u00bboff\u00bb button_one_bg_color__hover_enabled=\u00bboff\u00bb button_two_bg_color__hover_enabled=\u00bboff\u00bb][\/et_pb_fullwidth_header][\/et_pb_section][et_pb_section fb_built=\u00bb1&#8243; _builder_version=\u00bb4.16&#8243; global_colors_info=\u00bb{}\u00bb][et_pb_row _builder_version=\u00bb4.16&#8243; background_size=\u00bbinitial\u00bb background_position=\u00bbtop_left\u00bb background_repeat=\u00bbrepeat\u00bb global_colors_info=\u00bb{}\u00bb][et_pb_column type=\u00bb4_4&#8243; _builder_version=\u00bb4.16&#8243; custom_padding=\u00bb|||\u00bb global_colors_info=\u00bb{}\u00bb custom_padding__hover=\u00bb|||\u00bb][et_pb_tabs _builder_version=\u00bb4.17.4&#8243; hover_enabled=\u00bb0&#8243; saved_tabs=\u00bball\u00bb global_colors_info=\u00bb{}\u00bb sticky_enabled=\u00bb0&#8243;][et_pb_tab title=\u00bbTr\u00e1mites gen\u00e9ricos\u00bb _builder_version=\u00bb4.16&#8243; body_font=\u00bb||||\u00bb tab_font=\u00bb||||\u00bb global_colors_info=\u00bb{}\u00bb]<\/p>\n<p><a href=\"https:\/\/www.castroderei.gal\/wp-content\/uploads\/2017\/06\/INSTANCIA-ACHEGA-DOCUMENTACI\u00d3N.pdf\">INSTANCIA ACHEGA DOCUMENTACI\u00d3N<\/a><\/p>\n<p><a href=\"https:\/\/www.castroderei.gal\/wp-content\/uploads\/2017\/06\/SOLICITUDE.pdf\">SOLICITUDE<\/a><\/p>\n<p><a href=\"https:\/\/www.castroderei.gal\/wp-content\/uploads\/2018\/07\/ORDENANZA-FISCAL-TERRAZAS-1.pdf\" rel=\"attachment wp-att-206830\">ORDENANZA FISCAL TERRAZAS<\/a><\/p>\n<p><a href=\"https:\/\/www.castroderei.gal\/wp-content\/uploads\/2018\/07\/ORDENANZA-REGULADORA-TERRAZAS-1.pdf\" rel=\"attachment wp-att-206831\">ORDENANZA REGULADORA TERRAZAS<\/a><\/p>\n<p>[\/et_pb_tab][et_pb_tab title=\u00bbAguas\u00bb _builder_version=\u00bb4.16&#8243; global_colors_info=\u00bb{}\u00bb]<a href=\"https:\/\/www.castroderei.gal\/wp-content\/uploads\/2018\/02\/ORDE-DOMICILIACI\u00d3N-RECIBO-DE-AUGA.pdf\">ORDE DOMICILIACI\u00d3N RECIBO DE AUGA<\/a><\/p>\n<p><a href=\"https:\/\/www.castroderei.gal\/wp-content\/uploads\/2018\/02\/SOLICITUDE-CAMBIO-TITULARIDADE-CONTADOR-DE-AUGA.pdf\">SOLICITUDE CAMBIO TITULARIDADE CONTADOR DE AUGA<\/a><\/p>\n<p><a href=\"https:\/\/www.castroderei.gal\/wp-content\/uploads\/2018\/02\/CONTRATO-DE-SUMINISTRO-DE-AUGA.pdf\">CONTRATO DE SUMINISTRO DE AUGA<\/a><br \/>\n[\/et_pb_tab][et_pb_tab title=\u00bbPadr\u00f3n\u00bb _builder_version=\u00bb4.16&#8243; global_colors_info=\u00bb{}\u00bb][\/et_pb_tab][et_pb_tab title=\u00bbUrbanismo\u00bb _builder_version=\u00bb4.16&#8243; body_font=\u00bb||||\u00bb tab_font=\u00bb||||\u00bb global_colors_info=\u00bb{}\u00bb]<a href=\"https:\/\/www.castroderei.gal\/wp-content\/uploads\/2017\/06\/COMUNICACI\u00d3N-PREVIA.pdf\">COMUNICACI\u00d3N PREVIA<\/a><\/p>\n<p><a href=\"https:\/\/www.castroderei.gal\/wp-content\/uploads\/2017\/06\/SOLICITUDE-CERTIFICACI\u00d3N-INFORMACI\u00d3N-URBAN\u00cdSTICA.pdf\">SOLICITUDE CERTIFICACI\u00d3N-INFORMACI\u00d3N URBAN\u00cdSTICA<\/a><\/p>\n<p><a href=\"https:\/\/www.castroderei.gal\/wp-content\/uploads\/2017\/06\/SOLICITUDE-LICENZA-OBRA.pdf\">SOLICITUDE LICENZA OBRA<\/a><\/p>\n<p>&nbsp;<br \/>\n[\/et_pb_tab][et_pb_tab title=\u00bbCultura y deporte\u00bb _builder_version=\u00bb4.17.4&#8243; body_font=\u00bb||||\u00bb tab_font=\u00bb||||\u00bb hover_enabled=\u00bb0&#8243; global_colors_info=\u00bb{}\u00bb sticky_enabled=\u00bb0&#8243;]<\/p>\n<p><a href=\"https:\/\/www.castroderei.gal\/wp-content\/uploads\/2017\/06\/FICHA-INSCRICI\u00d3N-ACTIVIDADES-DEPORTIVAS-MUNICIPAIS-ADM.pdf\">FICHA INSCRICI\u00d3N ACTIVIDADES DEPORTIVAS MUNICIPAIS (ADM)<\/a><\/p>\n<p><a href=\"https:\/\/www.castroderei.gal\/wp-content\/uploads\/2022\/05\/Campamentos-Veran-2022-Con-orde-domiciliacion-banco.pdf\">FICHA INSCRICI\u00d3N CAMPAMENTOS DE VER\u00c1N<\/a><\/p>\n<p><a href=\"https:\/\/www.castroderei.gal\/wp-content\/uploads\/2018\/04\/SOLICITUDE-DE-BAIXA-ACTIVIDADES-DEPORTIVAS-MUNICIPAIS.docx\">SOLICITUDE DE BAIXA ACTIVIDADES DEPORTIVAS MUNICIPAIS<\/a><\/p>\n<p><a href=\"https:\/\/www.castroderei.gal\/wp-content\/uploads\/2022\/05\/Ficha-madrugadores-CEIP-Veleiro-22-23.pdf\" rel=\"attachment wp-att-206904\">FICHA INSCRICI\u00d3N PROGRAMA MADRUGADORES CEIP VELEIRO DOCAMPO<\/a><\/p>\n<p>&nbsp;<\/p>\n<p>[\/et_pb_tab][et_pb_tab title=\u00bbServicios sociales\u00bb _builder_version=\u00bb4.16&#8243; body_font=\u00bb||||\u00bb tab_font=\u00bb||||\u00bb global_colors_info=\u00bb{}\u00bb]<a href=\"https:\/\/www.castroderei.gal\/wp-content\/uploads\/2017\/06\/OFICIO-ACHEGA-DOCUMENTACI\u00d3N-\u00c1REA-SERVIZOS-SOCIAIS.pdf\">OFICIO ACHEGA DOCUMENTACI\u00d3N \u00c1REA SERVIZOS SOCIAIS<\/a><\/p>\n<p><a href=\"https:\/\/www.castroderei.gal\/wp-content\/uploads\/2017\/06\/SOLICITUDE-AXUDA-NO-FOGAR-LIBRE-CONCORRENCIA-E-INFORME-M\u00c9DICO.pdf\">SOLICITUDE AXUDA NO FOGAR LIBRE CONCORRENCIA E INFORME M\u00c9DICO<\/a><\/p>\n<p><a href=\"https:\/\/www.castroderei.gal\/wp-content\/uploads\/2017\/06\/SOLICITUDE-PRAZA-ESCOLA-INFANTIL-MUNICIPAL.pdf\">SOLICITUDE PRAZA ESCOLA INFANTIL MUNICIPAL<\/a><\/p>\n<p><a href=\"https:\/\/www.castroderei.gal\/wp-content\/uploads\/2017\/06\/SOLICITUDE-RECO\u00d1ECEMENTO-GRAO-DISCAPACIDADE.pdf\">SOLICITUDE RECO\u00d1ECEMENTO GRAO DISCAPACIDADE<\/a><\/p>\n<p><a href=\"https:\/\/www.castroderei.gal\/wp-content\/uploads\/2017\/06\/SOLICITUDE-RECO\u00d1ECEMENTO-SITUACI\u00d3N-DEPENDENCIA.pdf\">SOLICITUDE RECO\u00d1ECEMENTO SITUACI\u00d3N DEPENDENCIA<\/a><\/p>\n<p>&nbsp;<br \/>\n[\/et_pb_tab][et_pb_tab title=\u00bbEmpleo\u00bb _builder_version=\u00bb4.16&#8243; global_colors_info=\u00bb{}\u00bb]Empleo<br \/>\n[\/et_pb_tab][\/et_pb_tabs][et_pb_text _builder_version=\u00bb4.16&#8243; global_colors_info=\u00bb{}\u00bb]En las pesta\u00f1as puedes encontrar los documentos correspondientes para su descarga<br \/>\n[\/et_pb_text][et_pb_blog fullwidth=\u00bboff\u00bb include_categories=\u00bb22&#8243; show_more=\u00bbon\u00bb show_categories=\u00bboff\u00bb _builder_version=\u00bb4.16&#8243; border_style=\u00bbsolid\u00bb use_dropshadow=\u00bboff\u00bb global_colors_info=\u00bb{}\u00bb][\/et_pb_blog][\/et_pb_column][\/et_pb_row][et_pb_row _builder_version=\u00bb4.16&#8243; global_colors_info=\u00bb{}\u00bb][et_pb_column type=\u00bb4_4&#8243; _builder_version=\u00bb4.16&#8243; custom_padding=\u00bb|||\u00bb global_colors_info=\u00bb{}\u00bb custom_padding__hover=\u00bb|||\u00bb][et_pb_image src=\u00bbhttps:\/\/www.castroderei.gal\/wp-content\/uploads\/2017\/06\/CASTRO5.jpg\u00bb align_tablet=\u00bbcenter\u00bb align_phone=\u00bb\u00bb align_last_edited=\u00bbon|desktop\u00bb _builder_version=\u00bb4.16&#8243; animation_style=\u00bbslide\u00bb animation_direction=\u00bbleft\u00bb animation_duration=\u00bb500ms\u00bb animation_intensity_slide=\u00bb10%\u00bb global_colors_info=\u00bb{}\u00bb][\/et_pb_image][\/et_pb_column][\/et_pb_row][\/et_pb_section]<\/p>\n","protected":false},"excerpt":{"rendered":"<p>INSTANCIA ACHEGA DOCUMENTACI\u00d3N SOLICITUDE ORDENANZA FISCAL TERRAZAS ORDENANZA REGULADORA TERRAZASORDE DOMICILIACI\u00d3N RECIBO DE AUGA SOLICITUDE CAMBIO TITULARIDADE CONTADOR DE AUGA CONTRATO DE SUMINISTRO DE AUGA COMUNICACI\u00d3N PREVIA SOLICITUDE CERTIFICACI\u00d3N-INFORMACI\u00d3N URBAN\u00cdSTICA SOLICITUDE LICENZA OBRA &nbsp; FICHA INSCRICI\u00d3N ACTIVIDADES DEPORTIVAS MUNICIPAIS (ADM) FICHA INSCRICI\u00d3N CAMPAMENTOS DE VER\u00c1N SOLICITUDE DE BAIXA ACTIVIDADES DEPORTIVAS MUNICIPAIS FICHA INSCRICI\u00d3N PROGRAMA MADRUGADORES [&hellip;]<\/p>\n","protected":false},"author":1,"featured_media":0,"parent":0,"menu_order":0,"comment_status":"closed","ping_status":"closed","template":"","meta":{"_et_pb_use_builder":"on","_et_pb_old_content":"","_et_gb_content_width":"","footnotes":""},"class_list":["post-204942","page","type-page","status-publish","hentry"],"_links":{"self":[{"href":"https:\/\/www.castroderei.gal\/es\/wp-json\/wp\/v2\/pages\/204942\/"}],"collection":[{"href":"https:\/\/www.castroderei.gal\/es\/wp-json\/wp\/v2\/pages\/"}],"about":[{"href":"https:\/\/www.castroderei.gal\/es\/wp-json\/wp\/v2\/types\/page\/"}],"author":[{"embeddable":true,"href":"https:\/\/www.castroderei.gal\/es\/wp-json\/wp\/v2\/users\/1\/"}],"replies":[{"embeddable":true,"href":"https:\/\/www.castroderei.gal\/es\/wp-json\/wp\/v2\/comments\/?post=204942"}],"version-history":[{"count":28,"href":"https:\/\/www.castroderei.gal\/es\/wp-json\/wp\/v2\/pages\/204942\/revisions\/"}],"predecessor-version":[{"id":208305,"href":"https:\/\/www.castroderei.gal\/es\/wp-json\/wp\/v2\/pages\/204942\/revisions\/208305\/"}],"wp:attachment":[{"href":"https:\/\/www.castroderei.gal\/es\/wp-json\/wp\/v2\/media\/?parent=204942"}],"curies":[{"name":"wp","href":"https:\/\/api.w.org\/{rel}","templated":true}]}}