{"id":204692,"date":"2017-06-21T11:57:23","date_gmt":"2017-06-21T11:57:23","guid":{"rendered":"https:\/\/www.castroderei.gal\/?page_id=204692"},"modified":"2018-07-26T08:39:15","modified_gmt":"2018-07-26T08:39:15","slug":"contacto","status":"publish","type":"page","link":"https:\/\/www.castroderei.gal\/es\/contacto\/","title":{"rendered":"Contacto"},"content":{"rendered":"<p>[et_pb_section bb_built=\u00bb1&#8243; admin_label=\u00bbSection\u00bb fullwidth=\u00bboff\u00bb specialty=\u00bboff\u00bb transparent_background=\u00bboff\u00bb background_color=\u00bb#f7f7f7&#8243; allow_player_pause=\u00bboff\u00bb inner_shadow=\u00bboff\u00bb parallax=\u00bboff\u00bb parallax_method=\u00bbon\u00bb make_fullwidth=\u00bboff\u00bb use_custom_width=\u00bboff\u00bb width_unit=\u00bbon\u00bb make_equal=\u00bboff\u00bb use_custom_gutter=\u00bboff\u00bb custom_css_main_element=\u00bbborder-top: 2px solid rgba(12,113,195,0.3);\u00bb next_background_color=\u00bb#ffffff\u00bb][et_pb_row admin_label=\u00bbRow\u00bb background_position=\u00bbtop_left\u00bb background_repeat=\u00bbrepeat\u00bb background_size=\u00bbinitial\u00bb][et_pb_column type=\u00bb4_4&#8243;][et_pb_text admin_label=\u00bbText\u00bb background_layout=\u00bblight\u00bb text_orientation=\u00bbcenter\u00bb text_font_size=\u00bb30&#8243; border_style=\u00bbsolid\u00bb text_font=\u00bbMontserrat|on||on|\u00bb text_text_color=\u00bb#0c71c3&#8243; background_position=\u00bbtop_left\u00bb background_repeat=\u00bbrepeat\u00bb background_size=\u00bbinitial\u00bb _builder_version=\u00bb3.0.51&#8243; module_alignment=\u00bbcenter\u00bb]<\/p>\n<p>Contacta con el ayuntamiento<\/p>\n<p>[\/et_pb_text][\/et_pb_column][\/et_pb_row][\/et_pb_section][et_pb_section bb_built=\u00bb1&#8243; admin_label=\u00bbSection\u00bb fullwidth=\u00bboff\u00bb specialty=\u00bboff\u00bb _builder_version=\u00bb3.0.51&#8243; inner_shadow=\u00bbon\u00bb prev_background_color=\u00bb#f7f7f7&#8243; next_background_color=\u00bb#000000&#8243;][et_pb_row admin_label=\u00bbRow\u00bb make_fullwidth=\u00bbon\u00bb use_custom_width=\u00bbon\u00bb width_unit=\u00bboff\u00bb parallax_method_1=\u00bboff\u00bb background_position=\u00bbtop_left\u00bb background_repeat=\u00bbrepeat\u00bb background_size=\u00bbinitial\u00bb _builder_version=\u00bb3.0.51&#8243; background_position_1=\u00bbtop_left\u00bb background_repeat_1=\u00bbno-repeat\u00bb background_position_2=\u00bbtop_left\u00bb background_repeat_2=\u00bbno-repeat\u00bb][et_pb_column type=\u00bb1_2&#8243;][et_pb_blurb _builder_version=\u00bb3.0.51&#8243; url_new_window=\u00bboff\u00bb use_icon=\u00bbon\u00bb font_icon=\u00bb%%251%%\u00bb use_circle=\u00bboff\u00bb use_circle_border=\u00bboff\u00bb icon_placement=\u00bbleft\u00bb use_icon_font_size=\u00bbon\u00bb background_layout=\u00bblight\u00bb border_style=\u00bbsolid\u00bb animation=\u00bbtop\u00bb icon_color=\u00bb#0072c0&#8243; icon_font_size=\u00bb140px\u00bb image_max_width=\u00bb100%\u00bb]<\/p>\n<p><strong>Direcci\u00f3n:<\/strong>\u00a0Plaza Mayor N\u00b01<\/p>\n<p><strong>C\u00f3digo postal:<\/strong> 27250<\/p>\n<p><strong>Localidad:<\/strong> Castro de Rei<\/p>\n<p><strong>Provincia:<\/strong>\u00a0Lugo<\/p>\n<p><strong>Comunidad aut\u00f3noma:<\/strong> Galicia<\/p>\n<p><strong>Pa\u00eds:<\/strong> Espa\u00f1a<\/p>\n<p>[\/et_pb_blurb][et_pb_divider _builder_version=\u00bb3.0.51&#8243; show_divider=\u00bbon\u00bb color=\u00bb#0072c0&#8243; divider_style=\u00bbsolid\u00bb divider_position=\u00bbtop\u00bb hide_on_mobile=\u00bbon\u00bb disabled_on=\u00bbon|on|off\u00bb \/][et_pb_blurb _builder_version=\u00bb3.0.51&#8243; url_new_window=\u00bboff\u00bb use_icon=\u00bbon\u00bb font_icon=\u00bb%%148%%\u00bb use_circle=\u00bboff\u00bb use_circle_border=\u00bboff\u00bb icon_placement=\u00bbleft\u00bb use_icon_font_size=\u00bbon\u00bb background_layout=\u00bblight\u00bb border_style=\u00bbsolid\u00bb animation=\u00bbtop\u00bb icon_color=\u00bb#0072c0&#8243; icon_font_size=\u00bb140px\u00bb image_max_width=\u00bb100%\u00bb]<\/p>\n<p><strong>Correo electr\u00f3nico:<\/strong>\u00a0info@castroderei.gal<\/p>\n<p><strong>Tel\u00e9fono:<\/strong> 982 314 034<\/p>\n<p>&nbsp;<\/p>\n<p>[\/et_pb_blurb][\/et_pb_column][et_pb_column type=\u00bb1_2&#8243;][et_pb_text _builder_version=\u00bb3.0.51&#8243; background_layout=\u00bblight\u00bb text_orientation=\u00bbleft\u00bb border_style=\u00bbsolid\u00bb custom_css_main_element=\u00bbwidth: 70%;||margin: 0 auto;\u00bb text_font_size=\u00bb26&#8243;]<\/p>\n<p><strong>Buz\u00f3n de sugerencias<\/strong><\/p>\n<p>[\/et_pb_text][et_pb_contact_form admin_label=\u00bbContact Form\u00bb form_background_color=\u00bbrgba(0,0,0,0)\u00bb module_id=\u00bbet_pb_contact_form_0&#8243; title_text_color=\u00bb#000000&#8243; form_field_text_color=\u00bb#000000&#8243; custom_button=\u00bbon\u00bb button_text_color=\u00bb#ffffff\u00bb button_bg_color=\u00bb#0c71c3&#8243; button_border_color=\u00bb#0c71c3&#8243; button_font=\u00bbMontserrat||||\u00bb button_text_color_hover=\u00bb#ffffff\u00bb button_bg_color_hover=\u00bb#ffffff\u00bb button_text_size_phone=\u00bb14px\u00bb button_text_size_last_edited=\u00bboff|phone\u00bb custom_css_contact_fields=\u00bbborder-bottom: 1px solid #000000 !important;\u00bb saved_tabs=\u00bball\u00bb button_icon_placement=\u00bbleft\u00bb button_icon=\u00bb%%20%%\u00bb button_border_color_hover=\u00bb#ffffff\u00bb button_text_size=\u00bb16&#8243; _builder_version=\u00bb3.10.2&#8243; custom_css_main_element=\u00bbwidth: 70%;||margin: 0 auto;\u00bb border_radii=\u00bbon|0px|0px|0px|0px\u00bb email=\u00bbadministrativo@castroderei.gal\u00bb][et_pb_contact_field field_id=\u00bbName_es\u00bb field_title=\u00bbNombre\u00bb fullwidth_field=\u00bbon\u00bb form_field_font=\u00bbRoboto||||\u00bb form_field_text_color=\u00bb#0c71c3&#8243; use_border_color=\u00bboff\u00bb field_type=\u00bbinput\u00bb required_mark=\u00bbon\u00bb form_field_font_select=\u00bbRoboto\u00bb border_style=\u00bbsolid\u00bb custom_css_main_element=\u00bbborder-bottom: 1px solid #000000 !important;\u00bb checkbox_checked=\u00bboff\u00bb min_length=\u00bb0&#8243; max_length=\u00bb0&#8243; allowed_symbols=\u00bball\u00bb conditional_logic=\u00bboff\u00bb conditional_logic_relation=\u00bboff\u00bb conditional_logic_rules=\u00bb%91{%22field%22:%22email_es%22,%22condition%22:%22is%22,%22value%22:%22%22}%93&#8243; _builder_version=\u00bb3.10.2&#8243; checkbox_options=\u00bb%91{%22value%22:%22Nombre%22,%22checked%22:0}%93&#8243; radio_options=\u00bb%91{%22value%22:%22Nombre%22,%22checked%22:0}%93&#8243; select_options=\u00bb%91{%22value%22:%22Nombre%22,%22checked%22:0}%93&#8243; use_background_color_gradient=\u00bboff\u00bb background_color_gradient_start=\u00bb#2b87da\u00bb background_color_gradient_end=\u00bb#29c4a9&#8243; background_color_gradient_type=\u00bblinear\u00bb background_color_gradient_direction=\u00bb180deg\u00bb background_color_gradient_direction_radial=\u00bbcenter\u00bb background_color_gradient_start_position=\u00bb0%\u00bb background_color_gradient_end_position=\u00bb100%\u00bb background_color_gradient_overlays_image=\u00bboff\u00bb parallax=\u00bboff\u00bb parallax_method=\u00bbon\u00bb background_size=\u00bbcover\u00bb background_position=\u00bbcenter\u00bb background_repeat=\u00bbno-repeat\u00bb background_blend=\u00bbnormal\u00bb allow_player_pause=\u00bboff\u00bb background_video_pause_outside_viewport=\u00bbon\u00bb form_field_text_shadow_style=\u00bbnone\u00bb border_radii=\u00bbon||||\u00bb box_shadow_style=\u00bbnone\u00bb \/][et_pb_contact_field field_id=\u00bbEmail_es\u00bb field_title=\u00bbTu direcci\u00f3n email\u00bb field_type=\u00bbemail\u00bb fullwidth_field=\u00bbon\u00bb form_field_font=\u00bbRoboto||||\u00bb form_field_text_color=\u00bb#0c71c3&#8243; use_border_color=\u00bboff\u00bb required_mark=\u00bbon\u00bb form_field_font_select=\u00bbRoboto\u00bb border_style=\u00bbsolid\u00bb custom_css_main_element=\u00bbborder-bottom: 1px solid #000000 !important;\u00bb checkbox_checked=\u00bboff\u00bb min_length=\u00bb0&#8243; max_length=\u00bb0&#8243; allowed_symbols=\u00bball\u00bb conditional_logic=\u00bboff\u00bb conditional_logic_relation=\u00bboff\u00bb conditional_logic_rules=\u00bb%91{%22field%22:%22name%22,%22condition%22:%22is%22,%22value%22:%22%22}%93&#8243; _builder_version=\u00bb3.10.2&#8243; checkbox_options=\u00bb%91{%22value%22:%22Tu direcci\u00f3n email%22,%22checked%22:0}%93&#8243; radio_options=\u00bb%91{%22value%22:%22Tu direcci\u00f3n email%22,%22checked%22:0}%93&#8243; select_options=\u00bb%91{%22value%22:%22Tu direcci\u00f3n email%22,%22checked%22:0}%93&#8243; use_background_color_gradient=\u00bboff\u00bb background_color_gradient_start=\u00bb#2b87da\u00bb background_color_gradient_end=\u00bb#29c4a9&#8243; background_color_gradient_type=\u00bblinear\u00bb background_color_gradient_direction=\u00bb180deg\u00bb background_color_gradient_direction_radial=\u00bbcenter\u00bb background_color_gradient_start_position=\u00bb0%\u00bb background_color_gradient_end_position=\u00bb100%\u00bb background_color_gradient_overlays_image=\u00bboff\u00bb parallax=\u00bboff\u00bb parallax_method=\u00bbon\u00bb background_size=\u00bbcover\u00bb background_position=\u00bbcenter\u00bb background_repeat=\u00bbno-repeat\u00bb background_blend=\u00bbnormal\u00bb allow_player_pause=\u00bboff\u00bb background_video_pause_outside_viewport=\u00bbon\u00bb form_field_text_shadow_style=\u00bbnone\u00bb border_radii=\u00bbon||||\u00bb box_shadow_style=\u00bbnone\u00bb \/][et_pb_contact_field field_id=\u00bbMessage_es\u00bb field_title=\u00bbMensaje\u00bb field_type=\u00bbtext\u00bb fullwidth_field=\u00bbon\u00bb form_field_font=\u00bbRoboto||||\u00bb form_field_text_color=\u00bb#0c71c3&#8243; use_border_color=\u00bboff\u00bb required_mark=\u00bbon\u00bb form_field_font_select=\u00bbRoboto\u00bb border_style=\u00bbsolid\u00bb custom_css_main_element=\u00bbborder-bottom: 1px solid #000000 !important;\u00bb checkbox_checked=\u00bboff\u00bb min_length=\u00bb0&#8243; max_length=\u00bb0&#8243; allowed_symbols=\u00bball\u00bb conditional_logic=\u00bboff\u00bb conditional_logic_relation=\u00bboff\u00bb conditional_logic_rules=\u00bb%91{%22field%22:%22name_es%22,%22condition%22:%22is%22,%22value%22:%22%22}%93&#8243; _builder_version=\u00bb3.10.2&#8243; checkbox_options=\u00bb%91{%22value%22:%22Mensaje%22,%22checked%22:0}%93&#8243; radio_options=\u00bb%91{%22value%22:%22Mensaje%22,%22checked%22:0}%93&#8243; select_options=\u00bb%91{%22value%22:%22Mensaje%22,%22checked%22:0}%93&#8243; use_background_color_gradient=\u00bboff\u00bb background_color_gradient_start=\u00bb#2b87da\u00bb background_color_gradient_end=\u00bb#29c4a9&#8243; background_color_gradient_type=\u00bblinear\u00bb background_color_gradient_direction=\u00bb180deg\u00bb background_color_gradient_direction_radial=\u00bbcenter\u00bb background_color_gradient_start_position=\u00bb0%\u00bb background_color_gradient_end_position=\u00bb100%\u00bb background_color_gradient_overlays_image=\u00bboff\u00bb parallax=\u00bboff\u00bb parallax_method=\u00bbon\u00bb background_size=\u00bbcover\u00bb background_position=\u00bbcenter\u00bb background_repeat=\u00bbno-repeat\u00bb background_blend=\u00bbnormal\u00bb allow_player_pause=\u00bboff\u00bb background_video_pause_outside_viewport=\u00bbon\u00bb form_field_text_shadow_style=\u00bbnone\u00bb border_radii=\u00bbon||||\u00bb box_shadow_style=\u00bbnone\u00bb \/][\/et_pb_contact_form][\/et_pb_column][\/et_pb_row][\/et_pb_section][et_pb_section bb_built=\u00bb1&#8243; fullwidth=\u00bbon\u00bb specialty=\u00bboff\u00bb prev_background_color=\u00bb#000000&#8243; next_background_color=\u00bb#001443&#8243;][et_pb_fullwidth_map _builder_version=\u00bb3.0.51&#8243; mouse_wheel=\u00bboff\u00bb mobile_dragging=\u00bboff\u00bb address=\u00bb27250 Castro de Rey, Lugo, Espa\u00f1a\u00bb zoom_level=\u00bb14&#8243; address_lat=\u00bb43.21034101114696&#8243; address_lng=\u00bb-7.400575820168345&#8243; child_filter_saturate=\u00bb100%\u00bb][et_pb_map_pin title=\u00bbCastro de Rei\u00bb pin_address=\u00bb27250 Castro de Rey, Lugo, Espa\u00f1a\u00bb pin_address_lat=\u00bb43.2086787&#8243; pin_address_lng=\u00bb-7.401061300000038&#8243;]<\/p>\n<p>Ubicaci\u00f3n del ayuntamiento<\/p>\n<p>[\/et_pb_map_pin][\/et_pb_fullwidth_map][\/et_pb_section][et_pb_section bb_built=\u00bb1&#8243; background_color=\u00bb#001443&#8243; padding_mobile=\u00bboff\u00bb specialty=\u00bbon\u00bb parallax_method_1=\u00bboff\u00bb parallax_method_2=\u00bboff\u00bb background_position_1=\u00bbtop_left\u00bb background_position_2=\u00bbtop_left\u00bb background_repeat_1=\u00bbno-repeat\u00bb background_repeat_2=\u00bbno-repeat\u00bb _builder_version=\u00bb3.0.51&#8243; collapsed=\u00bboff\u00bb prev_background_color=\u00bb#ffffff\u00bb next_background_color=\u00bb#ffffff\u00bb custom_padding_tablet=\u00bb50px|0|50px|0&#8243; custom_padding_last_edited=\u00bbon|desktop\u00bb global_module=\u00bb204329&#8243;][et_pb_column type=\u00bb1_3&#8243;][et_pb_image global_parent=\u00bb204329&#8243; _builder_version=\u00bb3.0.72&#8243; src=\u00bbhttps:\/\/www.castroderei.gal\/wp-content\/uploads\/2017\/06\/logo-gis-castro.png\u00bb show_in_lightbox=\u00bboff\u00bb url_new_window=\u00bboff\u00bb use_overlay=\u00bboff\u00bb sticky=\u00bboff\u00bb align=\u00bbleft\u00bb always_center_on_mobile=\u00bbon\u00bb border_style=\u00bbsolid\u00bb force_fullwidth=\u00bboff\u00bb show_bottom_space=\u00bbon\u00bb \/][\/et_pb_column][et_pb_column type=\u00bb2_3&#8243; specialty_columns=\u00bb2&#8243;][et_pb_row_inner admin_label=\u00bbRow\u00bb global_parent=\u00bb204329&#8243; custom_padding=\u00bb||0px|\u00bb custom_padding_tablet=\u00bb||10px|\u00bb padding_mobile=\u00bbon\u00bb column_padding_mobile=\u00bbon\u00bb parallax_method_1=\u00bboff\u00bb custom_padding_last_edited=\u00bbon|desktop\u00bb _builder_version=\u00bb3.0.47&#8243;][et_pb_column_inner type=\u00bb4_4&#8243; saved_specialty_column_type=\u00bb2_3&#8243;][et_pb_text global_parent=\u00bb204329&#8243; background_layout=\u00bbdark\u00bb _builder_version=\u00bb3.0.50&#8243; text_font=\u00bbMontserrat|on||on|\u00bb text_font_size=\u00bb20&#8243; text_text_color=\u00bb#ffffff\u00bb text_letter_spacing=\u00bb2px\u00bb background_size=\u00bbinitial\u00bb background_position=\u00bbtop_left\u00bb background_repeat=\u00bbrepeat\u00bb]<\/p>\n<p>Ayuntamiento de Castro de Rei<\/p>\n<p>[\/et_pb_text][\/et_pb_column_inner][\/et_pb_row_inner][et_pb_row_inner admin_label=\u00bbRow\u00bb global_parent=\u00bb204329&#8243; padding_mobile=\u00bboff\u00bb column_padding_mobile=\u00bbon\u00bb parallax_method_1=\u00bboff\u00bb parallax_method_2=\u00bboff\u00bb _builder_version=\u00bb3.0.47&#8243;][et_pb_column_inner type=\u00bb1_2&#8243; saved_specialty_column_type=\u00bb2_3&#8243;][et_pb_blurb global_parent=\u00bb204329&#8243; url=\u00bb#\u00bb use_icon=\u00bbon\u00bb font_icon=\u00bb%%122%%\u00bb icon_color=\u00bb#ffffff\u00bb icon_placement=\u00bbleft\u00bb background_layout=\u00bbdark\u00bb use_icon_font_size=\u00bbon\u00bb icon_font_size=\u00bb18&#8243; _builder_version=\u00bb3.0.50&#8243; header_font=\u00bbMontserrat||||\u00bb body_font=\u00bbMontserrat||||\u00bb body_font_size=\u00bb16&#8243; body_text_color=\u00bb#ffffff\u00bb body_line_height=\u00bb1.5em\u00bb background_size=\u00bbinitial\u00bb background_position=\u00bbtop_left\u00bb background_repeat=\u00bbrepeat\u00bb image_max_width=\u00bb100%\u00bb]<\/p>\n<p>Plaza Mayor N\u00b01<\/p>\n<p>27250 Castro de Rei &#8211;\u00a0Lugo (Galicia)<\/p>\n<p>[\/et_pb_blurb][\/et_pb_column_inner][et_pb_column_inner type=\u00bb1_2&#8243; saved_specialty_column_type=\u00bb2_3&#8243;][et_pb_blurb global_parent=\u00bb204329&#8243; url=\u00bb#\u00bb use_icon=\u00bbon\u00bb font_icon=\u00bb%%109%%\u00bb icon_color=\u00bb#ffffff\u00bb icon_placement=\u00bbleft\u00bb background_layout=\u00bbdark\u00bb use_icon_font_size=\u00bbon\u00bb icon_font_size=\u00bb20&#8243; _builder_version=\u00bb3.0.50&#8243; header_font=\u00bbMontserrat||||\u00bb body_font=\u00bbMontserrat||||\u00bb body_font_size=\u00bb16&#8243; body_text_color=\u00bb#ffffff\u00bb body_line_height=\u00bb1.5em\u00bb background_size=\u00bbinitial\u00bb background_position=\u00bbtop_left\u00bb background_repeat=\u00bbrepeat\u00bb custom_margin=\u00bb||0px|\u00bb custom_padding=\u00bb||15px|\u00bb image_max_width=\u00bb100%\u00bb]<\/p>\n<p>info@castroderei.gal<\/p>\n<p>[\/et_pb_blurb][et_pb_blurb global_parent=\u00bb204329&#8243; url=\u00bb#\u00bb use_icon=\u00bbon\u00bb font_icon=\u00bb%%104%%\u00bb icon_color=\u00bb#ffffff\u00bb icon_placement=\u00bbleft\u00bb background_layout=\u00bbdark\u00bb use_icon_font_size=\u00bbon\u00bb icon_font_size=\u00bb20&#8243; _builder_version=\u00bb3.0.50&#8243; body_font=\u00bbOpen Sans||||\u00bb body_font_size=\u00bb16&#8243; body_text_color=\u00bb#ffffff\u00bb body_line_height=\u00bb1.5em\u00bb background_size=\u00bbinitial\u00bb background_position=\u00bbtop_left\u00bb background_repeat=\u00bbrepeat\u00bb image_max_width=\u00bb100%\u00bb]<\/p>\n<p>982 314 034<\/p>\n<p>[\/et_pb_blurb][\/et_pb_column_inner][\/et_pb_row_inner][\/et_pb_column][\/et_pb_section][et_pb_section bb_built=\u00bb1&#8243; fullwidth=\u00bbon\u00bb specialty=\u00bboff\u00bb _builder_version=\u00bb3.0.51&#8243; prev_background_color=\u00bb#001443&#8243; global_module=\u00bb204534&#8243;][et_pb_fullwidth_image global_parent=\u00bb204534&#8243; _builder_version=\u00bb3.0.51&#8243; src=\u00bbhttps:\/\/www.castroderei.gal\/wp-content\/uploads\/2017\/06\/escudo-castro-de-rei-footer.jpg\u00bb show_in_lightbox=\u00bboff\u00bb url_new_window=\u00bboff\u00bb use_overlay=\u00bboff\u00bb border_style=\u00bbsolid\u00bb animation=\u00bboff\u00bb background_position=\u00bbtop_left\u00bb background_repeat=\u00bbrepeat\u00bb background_size=\u00bbinitial\u00bb animation_style=\u00bbnone\u00bb animation_duration=\u00bb1000ms\u00bb animation_intensity_slide=\u00bb50%\u00bb \/][\/et_pb_section]<\/p>\n","protected":false},"excerpt":{"rendered":"<p>Contacta con el ayuntamiento Direcci\u00f3n:\u00a0Plaza Mayor N\u00b01 C\u00f3digo postal: 27250 Localidad: Castro de Rei Provincia:\u00a0Lugo Comunidad aut\u00f3noma: Galicia Pa\u00eds: Espa\u00f1a Correo electr\u00f3nico:\u00a0info@castroderei.gal Tel\u00e9fono: 982 314 034 &nbsp; Buz\u00f3n de sugerencias Ubicaci\u00f3n del ayuntamiento Ayuntamiento de Castro de Rei Plaza Mayor N\u00b01 27250 Castro de Rei &#8211;\u00a0Lugo (Galicia) info@castroderei.gal 982 314 034<\/p>\n","protected":false},"author":2,"featured_media":0,"parent":0,"menu_order":0,"comment_status":"closed","ping_status":"closed","template":"","meta":{"_et_pb_use_builder":"on","_et_pb_old_content":"","_et_gb_content_width":"","footnotes":""},"class_list":["post-204692","page","type-page","status-publish","hentry"],"_links":{"self":[{"href":"https:\/\/www.castroderei.gal\/es\/wp-json\/wp\/v2\/pages\/204692\/"}],"collection":[{"href":"https:\/\/www.castroderei.gal\/es\/wp-json\/wp\/v2\/pages\/"}],"about":[{"href":"https:\/\/www.castroderei.gal\/es\/wp-json\/wp\/v2\/types\/page\/"}],"author":[{"embeddable":true,"href":"https:\/\/www.castroderei.gal\/es\/wp-json\/wp\/v2\/users\/2\/"}],"replies":[{"embeddable":true,"href":"https:\/\/www.castroderei.gal\/es\/wp-json\/wp\/v2\/comments\/?post=204692"}],"version-history":[{"count":33,"href":"https:\/\/www.castroderei.gal\/es\/wp-json\/wp\/v2\/pages\/204692\/revisions\/"}],"predecessor-version":[{"id":206871,"href":"https:\/\/www.castroderei.gal\/es\/wp-json\/wp\/v2\/pages\/204692\/revisions\/206871\/"}],"wp:attachment":[{"href":"https:\/\/www.castroderei.gal\/es\/wp-json\/wp\/v2\/media\/?parent=204692"}],"curies":[{"name":"wp","href":"https:\/\/api.w.org\/{rel}","templated":true}]}}