{"id":204581,"date":"2017-06-20T16:39:24","date_gmt":"2017-06-20T16:39:24","guid":{"rendered":"https:\/\/www.castroderei.gal\/?page_id=204581"},"modified":"2017-07-11T15:45:05","modified_gmt":"2017-07-11T15:45:05","slug":"castro-de-viladonga","status":"publish","type":"page","link":"https:\/\/www.castroderei.gal\/es\/castro-de-viladonga\/","title":{"rendered":"Castro de Viladonga"},"content":{"rendered":"<p>[et_pb_section bb_built=\u00bb1&#8243; fullwidth=\u00bbon\u00bb specialty=\u00bboff\u00bb _builder_version=\u00bb3.0.51&#8243;][et_pb_fullwidth_menu _builder_version=\u00bb3.0.62&#8243; menu_id=\u00bb17&#8243; dropdown_menu_bg_color=\u00bb#ffffff\u00bb mobile_menu_bg_color=\u00bb#ffffff\u00bb submenu_direction=\u00bbdownwards\u00bb fullwidth_menu=\u00bboff\u00bb dropdown_menu_line_color=\u00bb#0c71c3&#8243; background_layout=\u00bblight\u00bb text_orientation=\u00bbright\u00bb active_link_color=\u00bb#0c71c3&#8243; dropdown_menu_text_color=\u00bbrgba(0,0,0,0.87)\u00bb mobile_menu_text_color=\u00bbrgba(0,0,0,0.84)\u00bb dropdown_menu_animation=\u00bbfade\u00bb \/][et_pb_fullwidth_menu _builder_version=\u00bb3.0.51&#8243; menu_id=\u00bb3&#8243; dropdown_menu_bg_color=\u00bb#ffffff\u00bb mobile_menu_bg_color=\u00bb#ffffff\u00bb submenu_direction=\u00bbdownwards\u00bb fullwidth_menu=\u00bboff\u00bb dropdown_menu_line_color=\u00bb#001443&#8243; background_layout=\u00bblight\u00bb text_orientation=\u00bbcenter\u00bb active_link_color=\u00bb#001443&#8243; dropdown_menu_text_color=\u00bb#7f7f7f\u00bb menu_font_size=\u00bb1em\u00bb dropdown_menu_animation=\u00bbfade\u00bb menu_text_color=\u00bbrgba(0,0,0,0.74)\u00bb \/][et_pb_fullwidth_slider show_arrows=\u00bbon\u00bb show_pagination=\u00bbon\u00bb auto=\u00bbon\u00bb auto_ignore_hover=\u00bboff\u00bb parallax=\u00bboff\u00bb parallax_method=\u00bboff\u00bb remove_inner_shadow=\u00bboff\u00bb background_position=\u00bbtop_left\u00bb hide_content_on_mobile=\u00bboff\u00bb hide_cta_on_mobile=\u00bboff\u00bb show_image_video_mobile=\u00bboff\u00bb custom_button=\u00bboff\u00bb button_letter_spacing=\u00bb0&#8243; button_icon_placement=\u00bbright\u00bb button_letter_spacing_hover=\u00bb0&#8243; _builder_version=\u00bb3.0.51&#8243; top_padding=\u00bb350px\u00bb top_padding_tablet=\u00bb200px\u00bb top_padding_phone=\u00bb100px\u00bb top_padding_last_edited=\u00bbon|desktop\u00bb] [et_pb_slide background_image=\u00bbhttps:\/\/www.castroderei.gal\/wp-content\/uploads\/2017\/06\/vila3.jpg\u00bb background_position=\u00bbtop_left\u00bb background_size=\u00bbcover\u00bb background_color=\u00bb#ffffff\u00bb use_bg_overlay=\u00bboff\u00bb use_text_overlay=\u00bbon\u00bb alignment=\u00bbcenter\u00bb background_layout=\u00bbdark\u00bb allow_player_pause=\u00bboff\u00bb text_border_radius=\u00bb5&#8243; header_font_select=\u00bbdefault\u00bb header_font=\u00bb||||\u00bb body_font_select=\u00bbdefault\u00bb body_font=\u00bb||||\u00bb custom_button=\u00bboff\u00bb button_font_select=\u00bbdefault\u00bb button_font=\u00bb||||\u00bb button_use_icon=\u00bbdefault\u00bb button_icon_placement=\u00bbright\u00bb button_on_hover=\u00bbon\u00bb heading=\u00bbCastro de Viladonga\u00bb use_background_color_gradient=\u00bboff\u00bb background_color_gradient_start=\u00bb#2b87da\u00bb background_color_gradient_end=\u00bb#29c4a9&#8243; background_color_gradient_type=\u00bblinear\u00bb background_color_gradient_direction=\u00bb180deg\u00bb background_color_gradient_direction_radial=\u00bbcenter\u00bb background_color_gradient_start_position=\u00bb0%\u00bb background_color_gradient_end_position=\u00bb100%\u00bb parallax=\u00bboff\u00bb parallax_method=\u00bboff\u00bb background_repeat=\u00bbno-repeat\u00bb background_blend=\u00bbnormal\u00bb text_overlay_color=\u00bbrgba(0,0,0,0.4)\u00bb \/][et_pb_slide background_color=\u00bb#ffffff\u00bb use_background_color_gradient=\u00bboff\u00bb background_color_gradient_start=\u00bb#2b87da\u00bb background_color_gradient_end=\u00bb#29c4a9&#8243; background_color_gradient_type=\u00bblinear\u00bb background_color_gradient_direction=\u00bb180deg\u00bb background_color_gradient_direction_radial=\u00bbcenter\u00bb background_color_gradient_start_position=\u00bb0%\u00bb background_color_gradient_end_position=\u00bb100%\u00bb background_image=\u00bbhttps:\/\/www.castroderei.gal\/wp-content\/uploads\/2017\/06\/vila2.jpg\u00bb parallax=\u00bboff\u00bb parallax_method=\u00bboff\u00bb background_position=\u00bbcenter\u00bb background_size=\u00bbcover\u00bb background_repeat=\u00bbno-repeat\u00bb background_blend=\u00bbnormal\u00bb allow_player_pause=\u00bboff\u00bb use_bg_overlay=\u00bboff\u00bb use_text_overlay=\u00bbon\u00bb text_border_radius=\u00bb3&#8243; alignment=\u00bbcenter\u00bb background_layout=\u00bbdark\u00bb header_font_select=\u00bbdefault\u00bb header_font=\u00bb||||\u00bb body_font_select=\u00bbdefault\u00bb body_font=\u00bb||||\u00bb custom_button=\u00bboff\u00bb button_font_select=\u00bbdefault\u00bb button_font=\u00bb||||\u00bb button_use_icon=\u00bbdefault\u00bb button_icon_placement=\u00bbright\u00bb button_on_hover=\u00bbon\u00bb heading=\u00bbCastro de Viladonga\u00bb \/][et_pb_slide background_color=\u00bb#ffffff\u00bb use_background_color_gradient=\u00bboff\u00bb background_color_gradient_start=\u00bb#2b87da\u00bb background_color_gradient_end=\u00bb#29c4a9&#8243; background_color_gradient_type=\u00bblinear\u00bb background_color_gradient_direction=\u00bb180deg\u00bb background_color_gradient_direction_radial=\u00bbcenter\u00bb background_color_gradient_start_position=\u00bb0%\u00bb background_color_gradient_end_position=\u00bb100%\u00bb background_image=\u00bbhttps:\/\/www.castroderei.gal\/wp-content\/uploads\/2017\/06\/vila4.jpg\u00bb parallax=\u00bboff\u00bb parallax_method=\u00bboff\u00bb background_position=\u00bbcenter\u00bb background_size=\u00bbcover\u00bb background_repeat=\u00bbno-repeat\u00bb background_blend=\u00bbnormal\u00bb allow_player_pause=\u00bboff\u00bb use_bg_overlay=\u00bboff\u00bb use_text_overlay=\u00bbon\u00bb text_border_radius=\u00bb3&#8243; alignment=\u00bbcenter\u00bb background_layout=\u00bbdark\u00bb header_font_select=\u00bbdefault\u00bb header_font=\u00bb||||\u00bb body_font_select=\u00bbdefault\u00bb body_font=\u00bb||||\u00bb custom_button=\u00bboff\u00bb button_font_select=\u00bbdefault\u00bb button_font=\u00bb||||\u00bb button_use_icon=\u00bbdefault\u00bb button_icon_placement=\u00bbright\u00bb button_on_hover=\u00bbon\u00bb heading=\u00bbMuseo de Castro de Viladonga\u00bb \/][et_pb_slide background_color=\u00bb#ffffff\u00bb use_background_color_gradient=\u00bboff\u00bb background_color_gradient_start=\u00bb#2b87da\u00bb background_color_gradient_end=\u00bb#29c4a9&#8243; background_color_gradient_type=\u00bblinear\u00bb background_color_gradient_direction=\u00bb180deg\u00bb background_color_gradient_direction_radial=\u00bbcenter\u00bb background_color_gradient_start_position=\u00bb0%\u00bb background_color_gradient_end_position=\u00bb100%\u00bb background_image=\u00bbhttps:\/\/www.castroderei.gal\/wp-content\/uploads\/2017\/06\/vila1.jpg\u00bb parallax=\u00bboff\u00bb parallax_method=\u00bboff\u00bb background_position=\u00bbcenter\u00bb background_size=\u00bbcover\u00bb background_repeat=\u00bbno-repeat\u00bb background_blend=\u00bbnormal\u00bb allow_player_pause=\u00bboff\u00bb use_bg_overlay=\u00bboff\u00bb use_text_overlay=\u00bbon\u00bb text_border_radius=\u00bb3&#8243; alignment=\u00bbcenter\u00bb background_layout=\u00bbdark\u00bb header_font_select=\u00bbdefault\u00bb header_font=\u00bb||||\u00bb body_font_select=\u00bbdefault\u00bb body_font=\u00bb||||\u00bb custom_button=\u00bboff\u00bb button_font_select=\u00bbdefault\u00bb button_font=\u00bb||||\u00bb button_use_icon=\u00bbdefault\u00bb button_icon_placement=\u00bbright\u00bb button_on_hover=\u00bbon\u00bb heading=\u00bbCastro de Viladonga\u00bb \/] [\/et_pb_fullwidth_slider][\/et_pb_section][et_pb_section bb_built=\u00bb1&#8243; admin_label=\u00bbsection\u00bb][et_pb_row admin_label=\u00bbrow\u00bb background_position=\u00bbtop_left\u00bb background_repeat=\u00bbrepeat\u00bb background_size=\u00bbinitial\u00bb][et_pb_column type=\u00bb2_3&#8243;][et_pb_text background_layout=\u00bblight\u00bb text_orientation=\u00bbleft\u00bb border_style=\u00bbsolid\u00bb text_font=\u00bbAbel||||\u00bb text_font_size=\u00bb18&#8243; background_position=\u00bbtop_left\u00bb background_repeat=\u00bbrepeat\u00bb background_size=\u00bbinitial\u00bb _builder_version=\u00bb3.0.51&#8243;]<\/p>\n<p><strong>El conjunto arqueol\u00f3gico y muse\u00edstico de Viladonga ocupa toda\u00a0la cumbre de un monte desde el que se domina un amplio panorama sobre la Terra Ch\u00e1 lucense y las sierras de Monciro y de Pradairo y la de Meira. Est\u00e1 situado en el ayuntamiento de Castro de Rei, provincia de Lugo, a 23 km al nordeste de la capital lucense.<\/strong><br \/>\nLa importancia arqueol\u00f3gica y el inter\u00e9s hist\u00f3rico del Castro de Viladonga se puso de relieve a ra\u00edz de las excavaciones iniciadas en 1971, tanto por la monumentalidad y diversidad de las estructuras descubiertas como por la cantidad y calidad de los materiales aparecidos. El yacimiento es un ejemplo de asentamiento destacado, sobre todo entre los siglos II y V d.C., muy importante para el conocimiento, estudio y comprensi\u00f3n del mundo castre\u00f1o tras la conquista romana. En el castro contin\u00faan de forma peri\u00f3dica los trabajos arqueol\u00f3gicos tanto de excavaci\u00f3n como de limpieza y consolidaci\u00f3n.<br \/>\nEl Museo del Castro de Viladonga se abri\u00f3 al publico en noviembre de 1986. Se dedica a la interpretaci\u00f3n y explicaci\u00f3n del yacimiento y a la custodia y exposici\u00f3n de los materiales procedentes de las sucesivas excavaciones. Est\u00e1 situado entre las dos \u00faltimas murallas del lado sureste del Castro, muy cerca de su croa.<br \/>\nEl museo es de titularidad estatal y gestionado por la<a href=\"http:\/\/museos.xunta.gal\/es\/viladonga\" target=\"_blank\" rel=\"noopener\"> Xunta de Galicia.<\/a><\/p>\n<p>[\/et_pb_text][et_pb_code]&lt;iframe width=\u00bb1280&#8243; height=\u00bb720&#8243; src=\u00bbhttps:\/\/www.youtube.com\/embed\/KgNQUNYTBT4?rel=0&#8243; frameborder=\u00bb0&#8243; allowfullscreen&gt;&lt;\/iframe&gt;[\/et_pb_code][et_pb_text background_layout=\u00bblight\u00bb text_orientation=\u00bbleft\u00bb border_style=\u00bbsolid\u00bb text_font=\u00bbAbel||||\u00bb text_font_size=\u00bb18&#8243; background_position=\u00bbtop_left\u00bb background_repeat=\u00bbrepeat\u00bb background_size=\u00bbinitial\u00bb _builder_version=\u00bb3.0.51&#8243;]<\/p>\n<div class=\"unidad\">\n<h4><span style=\"color: #333300;\">Normas de acceso<\/span><\/h4>\n<p><span style=\"color: #333300;\">Las visitas en grupo conviene solicitarlas con antelaci\u00f3n, teniendo en cuenta la conveniencia de hacer subgrupos (preferentemente no superiores a 35\/40 personas), por el espacio disponible y para facilitar el aprovechamiento did\u00e1ctico de la visita.<\/span><\/p>\n<\/div>\n<p><span style=\"color: #333300;\">Est\u00e1 permitido fotografiar y filmar sin tr\u00edpode y sin flash, para uso particular y cubriendo un formulario de solicitud.<\/span><\/p>\n<p><span style=\"color: #333300;\">Horario<strong>Museo:<\/strong> <\/span><br \/>\n<span style=\"color: #333300;\">Abierto todos los d\u00edas (excepto 24, 25 y 31 de diciembre y 1 y 6 de enero) <\/span><br \/>\n<span style=\"color: #333300;\">De marzo a octubre: de 10 a 20 h. <\/span><br \/>\n<span style=\"color: #333300;\">De noviembre a febrero: de 10 a 19 h.<\/span><br \/>\n<span style=\"color: #333300;\"><strong>Castro:<\/strong> <\/span><br \/>\n<span style=\"color: #333300;\">Acceso libre todos los d\u00edas del a\u00f1o.TarifaEntrada gratuita al castro y al museo<\/span><\/p>\n<p>[\/et_pb_text][\/et_pb_column][et_pb_column type=\u00bb1_3&#8243;][et_pb_image src=\u00bbhttps:\/\/www.castroderei.gal\/wp-content\/uploads\/2017\/06\/geo-1.png\u00bb show_in_lightbox=\u00bboff\u00bb url_new_window=\u00bbon\u00bb use_overlay=\u00bboff\u00bb animation=\u00bbleft\u00bb sticky=\u00bboff\u00bb align=\u00bbleft\u00bb force_fullwidth=\u00bboff\u00bb always_center_on_mobile=\u00bbon\u00bb use_border_color=\u00bboff\u00bb border_color=\u00bb#ffffff\u00bb border_style=\u00bbsolid\u00bb url=\u00bbhttp:\/\/gis.mancomunidadeterracha.org\/castro-de-viladonga\u00bb \/][et_pb_counters background_layout=\u00bblight\u00bb background_color=\u00bb#7cda24&#8243; bar_bg_color=\u00bb#0c71c3&#8243; use_percentages=\u00bboff\u00bb use_border_color=\u00bboff\u00bb border_color=\u00bb#ffffff\u00bb border_style=\u00bbsolid\u00bb title_font_size=\u00bb20&#8243; border_radius=\u00bb0&#8243; saved_tabs=\u00bball\u00bb] [et_pb_counter percent=\u00bb60&#8243; background_color=\u00bb#81d742&#8243;] Duraci\u00f3n &#8211; 2.5 Horas [\/et_pb_counter][et_pb_counter percent=\u00bb100&#8243; percentage_color=\u00bb#1e73be\u00bb] Aprendizaje Visual | Museo [\/et_pb_counter][et_pb_counter percent=\u00bb100&#8243;] Accesibilidad [\/et_pb_counter][et_pb_counter percent=\u00bb50&#8243;] Comer Cerca [\/et_pb_counter] [\/et_pb_counters][et_pb_sidebar orientation=\u00bbleft\u00bb area=\u00bbet_pb_widget_area_1&#8243; background_layout=\u00bblight\u00bb remove_border=\u00bbon\u00bb body_text_color=\u00bb#315b0e\u00bb body_font_size=\u00bb22&#8243; \/][et_pb_image src=\u00bbhttps:\/\/www.castroderei.gal\/wp-content\/uploads\/2017\/06\/via5.jpg\u00bb show_in_lightbox=\u00bboff\u00bb url_new_window=\u00bboff\u00bb use_overlay=\u00bboff\u00bb animation=\u00bbleft\u00bb sticky=\u00bboff\u00bb align=\u00bbleft\u00bb force_fullwidth=\u00bboff\u00bb always_center_on_mobile=\u00bbon\u00bb use_border_color=\u00bboff\u00bb border_color=\u00bb#ffffff\u00bb border_style=\u00bbsolid\u00bb \/][et_pb_divider color=\u00bb#ffffff\u00bb show_divider=\u00bboff\u00bb height=\u00bb30&#8243; divider_style=\u00bbsolid\u00bb divider_position=\u00bbtop\u00bb hide_on_mobile=\u00bbon\u00bb \/][et_pb_image src=\u00bbhttps:\/\/www.castroderei.gal\/wp-content\/uploads\/2017\/06\/castro-mascara.png\u00bb show_in_lightbox=\u00bboff\u00bb url_new_window=\u00bboff\u00bb use_overlay=\u00bboff\u00bb animation=\u00bbright\u00bb sticky=\u00bboff\u00bb align=\u00bbcenter\u00bb force_fullwidth=\u00bboff\u00bb always_center_on_mobile=\u00bbon\u00bb use_border_color=\u00bboff\u00bb border_color=\u00bb#ffffff\u00bb border_style=\u00bbsolid\u00bb \/][\/et_pb_column][\/et_pb_row][\/et_pb_section][et_pb_section bb_built=\u00bb1&#8243; fullwidth=\u00bboff\u00bb specialty=\u00bboff\u00bb _builder_version=\u00bb3.0.51&#8243; background_color=\u00bb#f7f7f7&#8243;][et_pb_row background_position=\u00bbtop_left\u00bb background_repeat=\u00bbrepeat\u00bb background_size=\u00bbinitial\u00bb][et_pb_column type=\u00bb4_4&#8243;][et_pb_text admin_label=\u00bbText\u00bb text_orientation=\u00bbcenter\u00bb _builder_version=\u00bb3.0.51&#8243; text_font=\u00bbMontserrat|on||on|\u00bb text_font_size=\u00bb30&#8243; text_text_color=\u00bb#0c71c3&#8243; background_size=\u00bbinitial\u00bb background_position=\u00bbtop_left\u00bb background_repeat=\u00bbrepeat\u00bb background_layout=\u00bblight\u00bb border_style=\u00bbsolid\u00bb]<\/p>\n<p>Conoce Castro de Rei<\/p>\n<p>[\/et_pb_text][et_pb_text text_orientation=\u00bbcenter\u00bb _builder_version=\u00bb3.0.51&#8243; text_font_size=\u00bb18px\u00bb background_layout=\u00bblight\u00bb border_style=\u00bbsolid\u00bb]<\/p>\n<p>Gastronom\u00eda, alojamientos, senderismo y m\u00e1s&#8230;<\/p>\n<p>[\/et_pb_text][\/et_pb_column][\/et_pb_row][et_pb_row background_position=\u00bbtop_left\u00bb background_repeat=\u00bbrepeat\u00bb background_size=\u00bbinitial\u00bb][et_pb_column type=\u00bb1_3&#8243;][et_pb_cta button_url=\u00bbhttps:\/\/www.castroderei.gal\/laguna-de-caque\/\u00bb button_text=\u00bbLaguna de Caque\u00bb _builder_version=\u00bb3.0.51&#8243; background_image=\u00bbhttps:\/\/www.castroderei.gal\/wp-content\/uploads\/2017\/06\/laguna-de-caque.jpg\u00bb use_border_color=\u00bbon\u00bb border_color=\u00bb#000000&#8243; border_width=\u00bb2px\u00bb custom_button=\u00bbon\u00bb button_bg_color=\u00bbrgba(0,0,0,0.4)\u00bb url_new_window=\u00bboff\u00bb use_background_color=\u00bbon\u00bb background_layout=\u00bbdark\u00bb border_style=\u00bbsolid\u00bb button_letter_spacing=\u00bb0&#8243; button_icon_placement=\u00bbright\u00bb button_letter_spacing_hover=\u00bb0&#8243; button_text_size=\u00bb2em\u00bb button_use_icon=\u00bboff\u00bb \/][\/et_pb_column][et_pb_column type=\u00bb1_3&#8243;][et_pb_cta button_url=\u00bbhttps:\/\/www.castroderei.gal\/castro-de-viladonga\/\u00bb button_text=\u00bbCastro de Viladonga\u00bb _builder_version=\u00bb3.0.51&#8243; background_image=\u00bbhttps:\/\/www.castroderei.gal\/wp-content\/uploads\/2017\/06\/castro-de-viladonga.jpg\u00bb use_border_color=\u00bbon\u00bb border_color=\u00bb#000000&#8243; border_width=\u00bb2px\u00bb custom_button=\u00bbon\u00bb button_bg_color=\u00bbrgba(0,0,0,0.4)\u00bb url_new_window=\u00bboff\u00bb use_background_color=\u00bbon\u00bb background_layout=\u00bbdark\u00bb border_style=\u00bbsolid\u00bb button_letter_spacing=\u00bb0&#8243; button_icon_placement=\u00bbright\u00bb button_letter_spacing_hover=\u00bb0&#8243; button_text_size=\u00bb2em\u00bb button_use_icon=\u00bboff\u00bb \/][\/et_pb_column][et_pb_column type=\u00bb1_3&#8243;][et_pb_cta button_url=\u00bb#\u00bb button_text=\u00bbMapas GIS\u00bb _builder_version=\u00bb3.0.51&#8243; background_image=\u00bbhttps:\/\/www.castroderei.gal\/wp-content\/uploads\/2017\/06\/mapas-gis.jpg\u00bb use_border_color=\u00bbon\u00bb border_color=\u00bb#000000&#8243; border_width=\u00bb2px\u00bb custom_button=\u00bbon\u00bb button_bg_color=\u00bbrgba(0,0,0,0.4)\u00bb url_new_window=\u00bboff\u00bb use_background_color=\u00bbon\u00bb background_layout=\u00bbdark\u00bb border_style=\u00bbsolid\u00bb button_letter_spacing=\u00bb0&#8243; button_icon_placement=\u00bbright\u00bb button_letter_spacing_hover=\u00bb0&#8243; button_text_size=\u00bb2em\u00bb button_use_icon=\u00bboff\u00bb \/][\/et_pb_column][\/et_pb_row][\/et_pb_section][et_pb_section bb_built=\u00bb1&#8243; admin_label=\u00bbSection\u00bb background_color=\u00bb#001443&#8243; padding_mobile=\u00bboff\u00bb specialty=\u00bbon\u00bb parallax_method_1=\u00bboff\u00bb parallax_method_2=\u00bboff\u00bb background_position_1=\u00bbtop_left\u00bb background_position_2=\u00bbtop_left\u00bb background_repeat_1=\u00bbno-repeat\u00bb background_repeat_2=\u00bbno-repeat\u00bb _builder_version=\u00bb3.0.51&#8243; collapsed=\u00bboff\u00bb global_module=\u00bb204329&#8243;][et_pb_column type=\u00bb1_3&#8243;][et_pb_image _builder_version=\u00bb3.0.62&#8243; src=\u00bbhttps:\/\/www.castroderei.gal\/wp-content\/uploads\/2017\/06\/logo-gis-castro.png\u00bb show_in_lightbox=\u00bboff\u00bb url_new_window=\u00bboff\u00bb use_overlay=\u00bboff\u00bb sticky=\u00bboff\u00bb align=\u00bbleft\u00bb always_center_on_mobile=\u00bbon\u00bb border_style=\u00bbsolid\u00bb force_fullwidth=\u00bboff\u00bb \/][\/et_pb_column][et_pb_column type=\u00bb2_3&#8243; specialty_columns=\u00bb2&#8243;][et_pb_row_inner admin_label=\u00bbRow\u00bb custom_padding=\u00bb||0px|\u00bb custom_padding_tablet=\u00bb||10px|\u00bb padding_mobile=\u00bbon\u00bb column_padding_mobile=\u00bbon\u00bb parallax_method_1=\u00bboff\u00bb custom_padding_last_edited=\u00bbon|desktop\u00bb _builder_version=\u00bb3.0.47&#8243;][et_pb_column_inner type=\u00bb4_4&#8243; saved_specialty_column_type=\u00bb2_3&#8243;][et_pb_text admin_label=\u00bbText\u00bb background_layout=\u00bbdark\u00bb _builder_version=\u00bb3.0.50&#8243; text_font=\u00bbMontserrat|on||on|\u00bb text_font_size=\u00bb20&#8243; text_text_color=\u00bb#ffffff\u00bb text_letter_spacing=\u00bb2px\u00bb background_size=\u00bbinitial\u00bb background_position=\u00bbtop_left\u00bb background_repeat=\u00bbrepeat\u00bb]<\/p>\n<p>Ayuntamiento de Castro de Rei<\/p>\n<p>[\/et_pb_text][\/et_pb_column_inner][\/et_pb_row_inner][et_pb_row_inner admin_label=\u00bbRow\u00bb padding_mobile=\u00bboff\u00bb column_padding_mobile=\u00bbon\u00bb parallax_method_1=\u00bboff\u00bb parallax_method_2=\u00bboff\u00bb _builder_version=\u00bb3.0.47&#8243;][et_pb_column_inner type=\u00bb1_2&#8243; saved_specialty_column_type=\u00bb2_3&#8243;][et_pb_blurb admin_label=\u00bbBlurb\u00bb url=\u00bb#\u00bb use_icon=\u00bbon\u00bb font_icon=\u00bb%%122%%\u00bb icon_color=\u00bb#ffffff\u00bb icon_placement=\u00bbleft\u00bb background_layout=\u00bbdark\u00bb use_icon_font_size=\u00bbon\u00bb icon_font_size=\u00bb18&#8243; _builder_version=\u00bb3.0.50&#8243; header_font=\u00bbMontserrat||||\u00bb body_font=\u00bbMontserrat||||\u00bb body_font_size=\u00bb16&#8243; body_text_color=\u00bb#ffffff\u00bb body_line_height=\u00bb1.5em\u00bb background_size=\u00bbinitial\u00bb background_position=\u00bbtop_left\u00bb background_repeat=\u00bbrepeat\u00bb]<\/p>\n<p>Plaza Mayor N\u00b01<\/p>\n<p>27250 Castro de Rei &#8211;\u00a0Lugo (Galicia)<\/p>\n<p>[\/et_pb_blurb][\/et_pb_column_inner][et_pb_column_inner type=\u00bb1_2&#8243; saved_specialty_column_type=\u00bb2_3&#8243;][et_pb_blurb admin_label=\u00bbBlurb\u00bb url=\u00bb#\u00bb use_icon=\u00bbon\u00bb font_icon=\u00bb%%109%%\u00bb icon_color=\u00bb#ffffff\u00bb icon_placement=\u00bbleft\u00bb background_layout=\u00bbdark\u00bb use_icon_font_size=\u00bbon\u00bb icon_font_size=\u00bb20&#8243; _builder_version=\u00bb3.0.50&#8243; header_font=\u00bbMontserrat||||\u00bb body_font=\u00bbMontserrat||||\u00bb body_font_size=\u00bb16&#8243; body_text_color=\u00bb#ffffff\u00bb body_line_height=\u00bb1.5em\u00bb background_size=\u00bbinitial\u00bb background_position=\u00bbtop_left\u00bb background_repeat=\u00bbrepeat\u00bb custom_margin=\u00bb||0px|\u00bb custom_padding=\u00bb||15px|\u00bb]<\/p>\n<p>info@castroderei.gal<\/p>\n<p>[\/et_pb_blurb][et_pb_blurb admin_label=\u00bbBlurb\u00bb url=\u00bb#\u00bb use_icon=\u00bbon\u00bb font_icon=\u00bb%%104%%\u00bb icon_color=\u00bb#ffffff\u00bb icon_placement=\u00bbleft\u00bb background_layout=\u00bbdark\u00bb use_icon_font_size=\u00bbon\u00bb icon_font_size=\u00bb20&#8243; _builder_version=\u00bb3.0.50&#8243; body_font=\u00bbOpen Sans||||\u00bb body_font_size=\u00bb16&#8243; body_text_color=\u00bb#ffffff\u00bb body_line_height=\u00bb1.5em\u00bb background_size=\u00bbinitial\u00bb background_position=\u00bbtop_left\u00bb background_repeat=\u00bbrepeat\u00bb]<\/p>\n<p>982 314 034<\/p>\n<p>[\/et_pb_blurb][\/et_pb_column_inner][\/et_pb_row_inner][\/et_pb_column][\/et_pb_section][et_pb_section bb_built=\u00bb1&#8243; fullwidth=\u00bbon\u00bb specialty=\u00bboff\u00bb _builder_version=\u00bb3.0.51&#8243; global_module=\u00bb204534&#8243;][et_pb_fullwidth_image global_parent=\u00bb204534&#8243; _builder_version=\u00bb3.0.51&#8243; src=\u00bbhttps:\/\/www.castroderei.gal\/wp-content\/uploads\/2017\/06\/escudo-castro-de-rei-footer.jpg\u00bb show_in_lightbox=\u00bboff\u00bb url_new_window=\u00bboff\u00bb use_overlay=\u00bboff\u00bb border_style=\u00bbsolid\u00bb animation=\u00bboff\u00bb background_position=\u00bbtop_left\u00bb background_repeat=\u00bbrepeat\u00bb background_size=\u00bbinitial\u00bb \/][\/et_pb_section]<\/p>\n","protected":false},"excerpt":{"rendered":"<p>El conjunto arqueol\u00f3gico y muse\u00edstico de Viladonga ocupa toda\u00a0la cumbre de un monte desde el que se domina un amplio panorama sobre la Terra Ch\u00e1 lucense y las sierras de Monciro y de Pradairo y la de Meira. Est\u00e1 situado en el ayuntamiento de Castro de Rei, provincia de Lugo, a 23 km al nordeste [&hellip;]<\/p>\n","protected":false},"author":2,"featured_media":0,"parent":0,"menu_order":0,"comment_status":"closed","ping_status":"closed","template":"page-template-blank.php","meta":{"_et_pb_use_builder":"on","_et_pb_old_content":"","_et_gb_content_width":"","footnotes":""},"class_list":["post-204581","page","type-page","status-publish","hentry"],"_links":{"self":[{"href":"https:\/\/www.castroderei.gal\/es\/wp-json\/wp\/v2\/pages\/204581\/"}],"collection":[{"href":"https:\/\/www.castroderei.gal\/es\/wp-json\/wp\/v2\/pages\/"}],"about":[{"href":"https:\/\/www.castroderei.gal\/es\/wp-json\/wp\/v2\/types\/page\/"}],"author":[{"embeddable":true,"href":"https:\/\/www.castroderei.gal\/es\/wp-json\/wp\/v2\/users\/2\/"}],"replies":[{"embeddable":true,"href":"https:\/\/www.castroderei.gal\/es\/wp-json\/wp\/v2\/comments\/?post=204581"}],"version-history":[{"count":19,"href":"https:\/\/www.castroderei.gal\/es\/wp-json\/wp\/v2\/pages\/204581\/revisions\/"}],"predecessor-version":[{"id":204592,"href":"https:\/\/www.castroderei.gal\/es\/wp-json\/wp\/v2\/pages\/204581\/revisions\/204592\/"}],"wp:attachment":[{"href":"https:\/\/www.castroderei.gal\/es\/wp-json\/wp\/v2\/media\/?parent=204581"}],"curies":[{"name":"wp","href":"https:\/\/api.w.org\/{rel}","templated":true}]}}