{"id":204342,"date":"2017-06-19T17:08:21","date_gmt":"2017-06-19T17:08:21","guid":{"rendered":"https:\/\/www.castroderei.gal\/?page_id=204342"},"modified":"2017-07-12T10:17:15","modified_gmt":"2017-07-12T10:17:15","slug":"saludo-del-alcalde","status":"publish","type":"page","link":"https:\/\/www.castroderei.gal\/es\/saludo-del-alcalde\/","title":{"rendered":"Saludo del alcalde"},"content":{"rendered":"<p>[et_pb_section bb_built=\u00bb1&#8243; admin_label=\u00bbSection Main Menu\u00bb custom_padding=\u00bb100px||60px|\u00bb custom_padding_tablet=\u00bb80px||20px|\u00bb custom_padding_phone=\u00bb60px||0px|\u00bb custom_padding_last_edited=\u00bbon|desktop\u00bb _builder_version=\u00bb3.0.51&#8243; custom_css_main_element=\u00bbmargin-left: 10%;||margin-right: 10%;|| ||\u00bb collapsed=\u00bboff\u00bb][et_pb_row admin_label=\u00bbRow\u00bb make_fullwidth=\u00bbon\u00bb custom_width_px=\u00bb1271px\u00bb use_custom_gutter=\u00bbon\u00bb gutter_width=\u00bb1&#8243; custom_padding=\u00bb||0px|\u00bb padding_mobile=\u00bboff\u00bb background_color_1=\u00bbrgba(144,145,147,0.15)\u00bb padding_right_1=\u00bb30px\u00bb padding_left_1=\u00bb18%\u00bb padding_left_2=\u00bb40px\u00bb parallax_method_1=\u00bboff\u00bb parallax_method_2=\u00bboff\u00bb parallax_method_3=\u00bboff\u00bb padding_1_last_edited=\u00bboff|phone\u00bb _builder_version=\u00bb3.0.51&#8243; background_size=\u00bbinitial\u00bb background_position=\u00bbtop_left\u00bb background_repeat=\u00bbrepeat\u00bb background_position_1=\u00bbtop_left\u00bb background_repeat_1=\u00bbno-repeat\u00bb background_position_2=\u00bbtop_left\u00bb background_repeat_2=\u00bbno-repeat\u00bb][et_pb_column type=\u00bb1_2&#8243;][et_pb_text admin_label=\u00bbmain\u00bb text_orientation=\u00bbright\u00bb _builder_version=\u00bb3.0.51&#8243; text_font=\u00bbPoiret One|||on|\u00bb text_font_size=\u00bb3em\u00bb text_font_size_last_edited=\u00bbon|desktop\u00bb text_line_height=\u00bb1em\u00bb background_size=\u00bbinitial\u00bb background_position=\u00bbtop_left\u00bb background_repeat=\u00bbrepeat\u00bb custom_margin=\u00bb-30px|||\u00bb custom_padding=\u00bb|40px|30px|\u00bb background_layout=\u00bblight\u00bb border_style=\u00bbsolid\u00bb text_font_size_tablet=\u00bb2em\u00bb text_font_size_phone=\u00bb1em\u00bb]<\/p>\n<p>Francisco Balado<\/p>\n<p>[\/et_pb_text][et_pb_image admin_label=\u00bbImage for desktop\u00bb src=\u00bbhttps:\/\/www.castroderei.gal\/wp-content\/uploads\/2017\/06\/alcalde-castro-de-rei-fran-balado.jpg\u00bb animation=\u00bbtop\u00bb align=\u00bbright\u00bb max_width_last_edited=\u00bboff|phone\u00bb disabled_on=\u00bboff|off|\u00bb _builder_version=\u00bb3.0.51&#8243; custom_margin=\u00bb10px||-50px|\u00bb \/][et_pb_code _builder_version=\u00bb3.0.62&#8243; custom_css_main_element=\u00bbposition: absolute;||top: 45vh;\u00bb disabled=\u00bboff\u00bb disabled_on=\u00bbon|on|\u00bb]&lt;ul&gt;&lt;!&#8211; [et_pb_line_break_holder] &#8211;&gt; &lt;li&gt;&lt;a href=\u00bbhttps:\/\/www.castroderei.gal\/sede-electronica-2\/\u00bb&gt;Sede electr\u00f3nica&lt;\/a&gt;&lt;\/li&gt;&lt;!&#8211; [et_pb_line_break_holder] &#8211;&gt; &lt;li&gt;&lt;a href=\u00bbhttps:\/\/www.castroderei.gal\/ferias\/\u00bb&gt;Ferias&lt;\/a&gt;&lt;\/li&gt;&lt;!&#8211; [et_pb_line_break_holder] &#8211;&gt; &lt;li&gt;&lt;a href=\u00bbhttps:\/\/www.castroderei.gal\/gis\/\u00bb&gt;Geolocalizaci\u00f3n&lt;\/a&gt;&lt;\/li&gt;&lt;!&#8211; [et_pb_line_break_holder] &#8211;&gt;&lt;\/ul&gt;[\/et_pb_code][\/et_pb_column][et_pb_column type=\u00bb1_2&#8243;][et_pb_cta admin_label=\u00bbCall To Action\u00bb title=\u00bbSaludo del alcalde\u00bb use_background_color=\u00bboff\u00bb background_layout=\u00bblight\u00bb _builder_version=\u00bb3.0.51&#8243; header_text_color=\u00bb#0072c0&#8243; body_font=\u00bbJosefin Slab||||\u00bb body_font_size=\u00bb19&#8243; body_text_color=\u00bb#666666&#8243; body_line_height=\u00bb1.6em\u00bb background_size=\u00bbinitial\u00bb background_position=\u00bbtop_left\u00bb background_repeat=\u00bbrepeat\u00bb custom_padding=\u00bb40px||25px|\u00bb custom_padding_tablet=\u00bb140px|||\u00bb custom_padding_last_edited=\u00bbon|desktop\u00bb url_new_window=\u00bboff\u00bb border_style=\u00bbsolid\u00bb custom_button=\u00bboff\u00bb button_letter_spacing=\u00bb0&#8243; button_icon_placement=\u00bbright\u00bb button_letter_spacing_hover=\u00bb0&#8243; custom_css_main_element=\u00bbtext-align: justify;\u00bb]<\/p>\n<p>Estimado internauta, quiero agradecerte tu intenci\u00f3n de acercarte de manera virtual al Ayuntamiento de Castro de Rei.<\/p>\n<p>En Castro de Rei somos conocedores de que las Nuevas Tecnolog\u00edas de la Informaci\u00f3n y la Comunicaci\u00f3n (NTIC) inauguran una etapa para la que necesitamos una nueva cultura pol\u00edtica, y por lo tanto nuevos protagonismos tanto del lado institucional como del lado de la sociedad civil.<\/p>\n<p>Bajo esta premisa pretendemos subirnos al tren de la revoluci\u00f3n tecnol\u00f3gica, y uno de esos vagones ser\u00e1, sin duda, la Web Municipal de Castro de Rei.<\/p>\n<p>Queremos que nuestra web sea una herramienta de comunicaci\u00f3n e informaci\u00f3n con la que intentaremos mejorar la accesibilidad a los gestores p\u00fablicos, que los pol\u00edticos municipales trabajen para la ciudadan\u00eda pero tambi\u00e9n con la ciudadan\u00eda y que las vecinas y vecinos de Castro de Rei y todas las personas que lo deseen, se conviertan en los verdaderos protagonistas de la vida municipal, que sea la ciudadan\u00eda quien se corresponsabilice, con su participaci\u00f3n, de las decisiones que realmente les afectan.<\/p>\n<p>Como se puede comprobar, pretendemos dar un absoluto protagonismo a las personas, a las asociaciones, al empresariado o a las diferentes entidades sociales, porque estamos en un momento en el que hay que modernizar las actuaciones del Ayuntamiento.<\/p>\n<p>La web municipal nos ofrece esa posibilidad, porque a trav\u00e9s de ella promocionaremos el Ayuntamiento y difundiremos sus actividades; se convertir\u00e1 en un elemento de servicio para la ciudadan\u00eda que podr\u00e1 hacer las gestiones que precise del ayuntamiento. Un ejemplo ser\u00eda solicitar una partida de nacimiento; pagar un impuesto municipal; bajar cualquier impreso de solicitud bien del padr\u00f3n, bien del \u00e1rea de urbanismo, servicios sociales, etc.<\/p>\n<p>Con esta p\u00e1gina web tambi\u00e9n queremos acercar nuestro inmenso patrimonio municipal, patrimonio del que las vecinas y vecinos de Castro de Rei nos sentimos orgullosos por mostrarlo y reivindicarlo como propio.<\/p>\n<p>Toda esta riqueza debe de ser sin\u00f3nimo de desarrollo local y proyecci\u00f3n exterior del Ayuntamiento. Este, entiendo, es una de las bases del futuro, el aprovechamiento de nuestro patrimonio natural, cultural y hist\u00f3rico.<\/p>\n<p>En Castro de Rei tenemos naturaleza y tenemos patrimonio, lugares placenteros y tranquilos para el paseo como la Ruta del Az\u00famara y la Ruta de la Escritura.<\/p>\n<p>El \u00e1rea Recreativa del Az\u00famara, en la capitalidad municipal, es un lugar hermoso para descansar y ba\u00f1arse.<\/p>\n<p>La naturaleza nos vuelve a sorprender con uno de los siete humedales de la Terra Ch\u00e1: la Laguna de Caque que, escondida entre vegetaci\u00f3n arb\u00f3rea, se puede visitar a pie o en bicicleta. Con un poco de sentido perceptivo nos podremos deleitar con todo un documental sobre la vida lacustre desde el observatorio preparado para tal fin.<\/p>\n<p>No podemos hablar del patrimonio sin citar el Castro de Viladonga y su museo, reci\u00e9n declarado BIC, as\u00ed como la propia villa de Castro de Rei que fue declarada Patrimonio Hist\u00f3rico y Paisaj\u00edstico en el a\u00f1o 1971.<\/p>\n<p>La visita al Aer\u00f3dromo de Rozas y a su Escuela de Pilotos, ser\u00e1 otro de los alicientes de atracci\u00f3n tur\u00edstica de nuestro Ayuntamiento.<\/p>\n<p>Finalizo enviando un saludo a todos los vecinos y vecinas de Castro de Rei y abriendo las puertas del Ayuntamiento a todas las personas que tengan, el buen criterio de conocer este entra\u00f1able ayuntamiento chairego.<\/p>\n<p>[\/et_pb_cta][\/et_pb_column][\/et_pb_row][\/et_pb_section][et_pb_section bb_built=\u00bb1&#8243; admin_label=\u00bbSection\u00bb background_color=\u00bb#f7f7f7&#8243; _builder_version=\u00bb3.0.51&#8243; custom_css_main_element=\u00bbborder-bottom: 2px solid rgba(12,113,195,0.3);\u00bb global_module=\u00bb204368&#8243;][et_pb_row admin_label=\u00bbRow\u00bb _builder_version=\u00bb3.0.47&#8243; background_size=\u00bbinitial\u00bb background_position=\u00bbtop_left\u00bb background_repeat=\u00bbrepeat\u00bb][et_pb_column type=\u00bb4_4&#8243;][et_pb_text admin_label=\u00bbText\u00bb text_orientation=\u00bbcenter\u00bb _builder_version=\u00bb3.0.51&#8243; text_font=\u00bbMontserrat|on||on|\u00bb text_font_size=\u00bb30&#8243; text_text_color=\u00bb#0c71c3&#8243; background_size=\u00bbinitial\u00bb background_position=\u00bbtop_left\u00bb background_repeat=\u00bbrepeat\u00bb]<\/p>\n<p>Noticias del ayuntamiento de Castro de Rei<\/p>\n<p>[\/et_pb_text][et_pb_text text_orientation=\u00bbcenter\u00bb _builder_version=\u00bb3.0.51&#8243; text_font_size=\u00bb18px\u00bb]<\/p>\n<p>Toda la actualidad: avisos, noticias y eventos de inter\u00e9s&#8230;<\/p>\n<p>[\/et_pb_text][\/et_pb_column][\/et_pb_row][\/et_pb_section][et_pb_section bb_built=\u00bb1&#8243; admin_label=\u00bbSection\u00bb background_color=\u00bbrgba(79,35,0,0.13)\u00bb inner_shadow=\u00bbon\u00bb _builder_version=\u00bb3.0.60&#8243; background_image=\u00bbhttps:\/\/www.castroderei.gal\/wp-content\/uploads\/2017\/06\/riberas-1920.jpg\u00bb parallax=\u00bbon\u00bb parallax_method=\u00bboff\u00bb global_module=\u00bb204365&#8243;][et_pb_row admin_label=\u00bbRow\u00bb use_custom_width=\u00bbon\u00bb custom_width_px=\u00bb1600px\u00bb custom_padding=\u00bb5%||5%|\u00bb parallax_method_1=\u00bboff\u00bb parallax_method_2=\u00bboff\u00bb parallax_method_3=\u00bboff\u00bb background_position_1=\u00bbtop_left\u00bb background_repeat_1=\u00bbno-repeat\u00bb _builder_version=\u00bb3.0.60&#8243; background_size=\u00bbinitial\u00bb background_position=\u00bbtop_left\u00bb background_repeat=\u00bbrepeat\u00bb][et_pb_column type=\u00bb4_4&#8243;][et_pb_blog fullwidth=\u00bboff\u00bb posts_number=\u00bb6&#8243; include_categories=\u00bb8,9,10,11&#8243; show_author=\u00bboff\u00bb show_comments=\u00bbon\u00bb show_pagination=\u00bboff\u00bb offset_number=\u00bb0&#8243; use_dropshadow=\u00bbon\u00bb _builder_version=\u00bb3.0.60&#8243; use_border_color=\u00bbon\u00bb border_width=\u00bb0px\u00bb \/][\/et_pb_column][\/et_pb_row][\/et_pb_section][et_pb_section bb_built=\u00bb1&#8243; fullwidth=\u00bboff\u00bb specialty=\u00bboff\u00bb _builder_version=\u00bb3.0.51&#8243; background_color=\u00bb#f7f7f7&#8243; global_module=\u00bb204815&#8243;][et_pb_row][et_pb_column type=\u00bb4_4&#8243;][et_pb_text admin_label=\u00bbText\u00bb text_orientation=\u00bbcenter\u00bb _builder_version=\u00bb3.0.51&#8243; text_font=\u00bbMontserrat|on||on|\u00bb text_font_size=\u00bb30&#8243; text_text_color=\u00bb#0c71c3&#8243; background_size=\u00bbinitial\u00bb background_position=\u00bbtop_left\u00bb background_repeat=\u00bbrepeat\u00bb background_layout=\u00bblight\u00bb border_style=\u00bbsolid\u00bb] Conoce Castro de Rei [\/et_pb_text][et_pb_text text_orientation=\u00bbcenter\u00bb _builder_version=\u00bb3.0.51&#8243; text_font_size=\u00bb18px\u00bb background_layout=\u00bblight\u00bb border_style=\u00bbsolid\u00bb] Gastronom\u00eda, alojamientos, senderismo y m\u00e1s&#8230; [\/et_pb_text][\/et_pb_column][\/et_pb_row][et_pb_row _builder_version=\u00bb3.0.51&#8243;][et_pb_column type=\u00bb1_3&#8243;][et_pb_cta button_url=\u00bbhttps:\/\/www.castroderei.gal\/servicios\/\u00bb button_text=\u00bbServicios\u00bb _builder_version=\u00bb3.0.51&#8243; background_image=\u00bbhttps:\/\/www.castroderei.gal\/wp-content\/uploads\/2017\/06\/servicios-castro-de-rei.jpg\u00bb use_border_color=\u00bbon\u00bb border_color=\u00bb#000000&#8243; border_width=\u00bb2px\u00bb custom_button=\u00bbon\u00bb button_bg_color=\u00bbrgba(0,0,0,0.4)\u00bb url_new_window=\u00bboff\u00bb use_background_color=\u00bbon\u00bb background_layout=\u00bbdark\u00bb border_style=\u00bbsolid\u00bb button_letter_spacing=\u00bb0&#8243; button_icon_placement=\u00bbright\u00bb button_letter_spacing_hover=\u00bb0&#8243; button_text_size=\u00bb2em\u00bb button_use_icon=\u00bboff\u00bb \/][\/et_pb_column][et_pb_column type=\u00bb1_3&#8243;][et_pb_cta button_url=\u00bbhttps:\/\/www.castroderei.gal\/patrimonio\/\u00bb button_text=\u00bbPatrimonio\u00bb _builder_version=\u00bb3.0.51&#8243; background_image=\u00bbhttps:\/\/www.castroderei.gal\/wp-content\/uploads\/2017\/06\/castro-de-viladonga.jpg\u00bb use_border_color=\u00bbon\u00bb border_color=\u00bb#000000&#8243; border_width=\u00bb2px\u00bb custom_button=\u00bbon\u00bb button_bg_color=\u00bbrgba(0,0,0,0.4)\u00bb url_new_window=\u00bboff\u00bb use_background_color=\u00bbon\u00bb background_layout=\u00bbdark\u00bb border_style=\u00bbsolid\u00bb button_letter_spacing=\u00bb0&#8243; button_icon_placement=\u00bbright\u00bb button_letter_spacing_hover=\u00bb0&#8243; button_text_size=\u00bb2em\u00bb button_use_icon=\u00bboff\u00bb \/][\/et_pb_column][et_pb_column type=\u00bb1_3&#8243;][et_pb_cta button_url=\u00bbhttps:\/\/www.castroderei.gal\/naturaleza\/\u00bb button_text=\u00bbNaturaleza\u00bb _builder_version=\u00bb3.0.51&#8243; background_image=\u00bbhttps:\/\/www.castroderei.gal\/wp-content\/uploads\/2017\/06\/laguna-de-caque.jpg\u00bb use_border_color=\u00bbon\u00bb border_color=\u00bb#000000&#8243; border_width=\u00bb2px\u00bb custom_button=\u00bbon\u00bb button_bg_color=\u00bbrgba(0,0,0,0.4)\u00bb url_new_window=\u00bboff\u00bb use_background_color=\u00bbon\u00bb background_layout=\u00bbdark\u00bb border_style=\u00bbsolid\u00bb button_letter_spacing=\u00bb0&#8243; button_icon_placement=\u00bbright\u00bb button_letter_spacing_hover=\u00bb0&#8243; button_text_size=\u00bb2em\u00bb button_use_icon=\u00bboff\u00bb \/][\/et_pb_column][\/et_pb_row][\/et_pb_section][et_pb_section bb_built=\u00bb1&#8243; admin_label=\u00bbSection\u00bb background_color=\u00bb#001443&#8243; padding_mobile=\u00bboff\u00bb specialty=\u00bbon\u00bb parallax_method_1=\u00bboff\u00bb parallax_method_2=\u00bboff\u00bb background_position_1=\u00bbtop_left\u00bb background_position_2=\u00bbtop_left\u00bb background_repeat_1=\u00bbno-repeat\u00bb background_repeat_2=\u00bbno-repeat\u00bb _builder_version=\u00bb3.0.51&#8243; collapsed=\u00bboff\u00bb global_module=\u00bb204329&#8243;][et_pb_column type=\u00bb1_3&#8243;][et_pb_image _builder_version=\u00bb3.0.62&#8243; src=\u00bbhttps:\/\/www.castroderei.gal\/wp-content\/uploads\/2017\/06\/logo-gis-castro.png\u00bb show_in_lightbox=\u00bboff\u00bb url_new_window=\u00bboff\u00bb use_overlay=\u00bboff\u00bb sticky=\u00bboff\u00bb align=\u00bbleft\u00bb always_center_on_mobile=\u00bbon\u00bb border_style=\u00bbsolid\u00bb force_fullwidth=\u00bboff\u00bb \/][\/et_pb_column][et_pb_column type=\u00bb2_3&#8243; specialty_columns=\u00bb2&#8243;][et_pb_row_inner admin_label=\u00bbRow\u00bb custom_padding=\u00bb||0px|\u00bb custom_padding_tablet=\u00bb||10px|\u00bb padding_mobile=\u00bbon\u00bb column_padding_mobile=\u00bbon\u00bb parallax_method_1=\u00bboff\u00bb custom_padding_last_edited=\u00bbon|desktop\u00bb _builder_version=\u00bb3.0.47&#8243;][et_pb_column_inner type=\u00bb4_4&#8243; saved_specialty_column_type=\u00bb2_3&#8243;][et_pb_text admin_label=\u00bbText\u00bb background_layout=\u00bbdark\u00bb _builder_version=\u00bb3.0.50&#8243; text_font=\u00bbMontserrat|on||on|\u00bb text_font_size=\u00bb20&#8243; text_text_color=\u00bb#ffffff\u00bb text_letter_spacing=\u00bb2px\u00bb background_size=\u00bbinitial\u00bb background_position=\u00bbtop_left\u00bb background_repeat=\u00bbrepeat\u00bb]<\/p>\n<p>Ayuntamiento de Castro de Rei<\/p>\n<p>[\/et_pb_text][\/et_pb_column_inner][\/et_pb_row_inner][et_pb_row_inner admin_label=\u00bbRow\u00bb padding_mobile=\u00bboff\u00bb column_padding_mobile=\u00bbon\u00bb parallax_method_1=\u00bboff\u00bb parallax_method_2=\u00bboff\u00bb _builder_version=\u00bb3.0.47&#8243;][et_pb_column_inner type=\u00bb1_2&#8243; saved_specialty_column_type=\u00bb2_3&#8243;][et_pb_blurb admin_label=\u00bbBlurb\u00bb url=\u00bb#\u00bb use_icon=\u00bbon\u00bb font_icon=\u00bb%%122%%\u00bb icon_color=\u00bb#ffffff\u00bb icon_placement=\u00bbleft\u00bb background_layout=\u00bbdark\u00bb use_icon_font_size=\u00bbon\u00bb icon_font_size=\u00bb18&#8243; _builder_version=\u00bb3.0.50&#8243; header_font=\u00bbMontserrat||||\u00bb body_font=\u00bbMontserrat||||\u00bb body_font_size=\u00bb16&#8243; body_text_color=\u00bb#ffffff\u00bb body_line_height=\u00bb1.5em\u00bb background_size=\u00bbinitial\u00bb background_position=\u00bbtop_left\u00bb background_repeat=\u00bbrepeat\u00bb]<\/p>\n<p>Plaza Mayor N\u00b01<\/p>\n<p>27250 Castro de Rei &#8211;\u00a0Lugo (Galicia)<\/p>\n<p>[\/et_pb_blurb][\/et_pb_column_inner][et_pb_column_inner type=\u00bb1_2&#8243; saved_specialty_column_type=\u00bb2_3&#8243;][et_pb_blurb admin_label=\u00bbBlurb\u00bb url=\u00bb#\u00bb use_icon=\u00bbon\u00bb font_icon=\u00bb%%109%%\u00bb icon_color=\u00bb#ffffff\u00bb icon_placement=\u00bbleft\u00bb background_layout=\u00bbdark\u00bb use_icon_font_size=\u00bbon\u00bb icon_font_size=\u00bb20&#8243; _builder_version=\u00bb3.0.50&#8243; header_font=\u00bbMontserrat||||\u00bb body_font=\u00bbMontserrat||||\u00bb body_font_size=\u00bb16&#8243; body_text_color=\u00bb#ffffff\u00bb body_line_height=\u00bb1.5em\u00bb background_size=\u00bbinitial\u00bb background_position=\u00bbtop_left\u00bb background_repeat=\u00bbrepeat\u00bb custom_margin=\u00bb||0px|\u00bb custom_padding=\u00bb||15px|\u00bb]<\/p>\n<p>info@castroderei.gal<\/p>\n<p>[\/et_pb_blurb][et_pb_blurb admin_label=\u00bbBlurb\u00bb url=\u00bb#\u00bb use_icon=\u00bbon\u00bb font_icon=\u00bb%%104%%\u00bb icon_color=\u00bb#ffffff\u00bb icon_placement=\u00bbleft\u00bb background_layout=\u00bbdark\u00bb use_icon_font_size=\u00bbon\u00bb icon_font_size=\u00bb20&#8243; _builder_version=\u00bb3.0.50&#8243; body_font=\u00bbOpen Sans||||\u00bb body_font_size=\u00bb16&#8243; body_text_color=\u00bb#ffffff\u00bb body_line_height=\u00bb1.5em\u00bb background_size=\u00bbinitial\u00bb background_position=\u00bbtop_left\u00bb background_repeat=\u00bbrepeat\u00bb]<\/p>\n<p>982 314 034<\/p>\n<p>[\/et_pb_blurb][\/et_pb_column_inner][\/et_pb_row_inner][\/et_pb_column][\/et_pb_section][et_pb_section bb_built=\u00bb1&#8243; fullwidth=\u00bbon\u00bb specialty=\u00bboff\u00bb _builder_version=\u00bb3.0.51&#8243; global_module=\u00bb204534&#8243;][et_pb_fullwidth_image _builder_version=\u00bb3.0.51&#8243; src=\u00bbhttps:\/\/www.castroderei.gal\/wp-content\/uploads\/2017\/06\/escudo-castro-de-rei-footer.jpg\u00bb show_in_lightbox=\u00bboff\u00bb url_new_window=\u00bboff\u00bb use_overlay=\u00bboff\u00bb border_style=\u00bbsolid\u00bb animation=\u00bboff\u00bb background_position=\u00bbtop_left\u00bb background_repeat=\u00bbrepeat\u00bb background_size=\u00bbinitial\u00bb \/][\/et_pb_section]<\/p>\n","protected":false},"excerpt":{"rendered":"<p>Francisco Balado &lt;ul&gt;&lt;!&#8211; [et_pb_line_break_holder] &#8211;&gt; &lt;li&gt;&lt;a href=\u00bbhttps:\/\/www.castroderei.gal\/sede-electronica-2\/\u00bb&gt;Sede electr\u00f3nica&lt;\/a&gt;&lt;\/li&gt;&lt;!&#8211; [et_pb_line_break_holder] &#8211;&gt; &lt;li&gt;&lt;a href=\u00bbhttps:\/\/www.castroderei.gal\/ferias\/\u00bb&gt;Ferias&lt;\/a&gt;&lt;\/li&gt;&lt;!&#8211; [et_pb_line_break_holder] &#8211;&gt; &lt;li&gt;&lt;a href=\u00bbhttps:\/\/www.castroderei.gal\/gis\/\u00bb&gt;Geolocalizaci\u00f3n&lt;\/a&gt;&lt;\/li&gt;&lt;!&#8211; [et_pb_line_break_holder] &#8211;&gt;&lt;\/ul&gt; Estimado internauta, quiero agradecerte tu intenci\u00f3n de acercarte de manera virtual al Ayuntamiento de Castro de Rei. En Castro de Rei somos conocedores de que las Nuevas Tecnolog\u00edas de la Informaci\u00f3n y la Comunicaci\u00f3n (NTIC) inauguran una [&hellip;]<\/p>\n","protected":false},"author":2,"featured_media":0,"parent":0,"menu_order":0,"comment_status":"closed","ping_status":"closed","template":"","meta":{"_et_pb_use_builder":"on","_et_pb_old_content":"","_et_gb_content_width":"","footnotes":""},"class_list":["post-204342","page","type-page","status-publish","hentry"],"_links":{"self":[{"href":"https:\/\/www.castroderei.gal\/es\/wp-json\/wp\/v2\/pages\/204342\/"}],"collection":[{"href":"https:\/\/www.castroderei.gal\/es\/wp-json\/wp\/v2\/pages\/"}],"about":[{"href":"https:\/\/www.castroderei.gal\/es\/wp-json\/wp\/v2\/types\/page\/"}],"author":[{"embeddable":true,"href":"https:\/\/www.castroderei.gal\/es\/wp-json\/wp\/v2\/users\/2\/"}],"replies":[{"embeddable":true,"href":"https:\/\/www.castroderei.gal\/es\/wp-json\/wp\/v2\/comments\/?post=204342"}],"version-history":[{"count":66,"href":"https:\/\/www.castroderei.gal\/es\/wp-json\/wp\/v2\/pages\/204342\/revisions\/"}],"predecessor-version":[{"id":205686,"href":"https:\/\/www.castroderei.gal\/es\/wp-json\/wp\/v2\/pages\/204342\/revisions\/205686\/"}],"wp:attachment":[{"href":"https:\/\/www.castroderei.gal\/es\/wp-json\/wp\/v2\/media\/?parent=204342"}],"curies":[{"name":"wp","href":"https:\/\/api.w.org\/{rel}","templated":true}]}}